{"id":1084,"date":"2016-01-30T10:45:16","date_gmt":"2016-01-30T09:45:16","guid":{"rendered":"https:\/\/www.ortopediagrassini.com\/it\/?post_type=product&#038;p=1084"},"modified":"2016-01-30T10:45:16","modified_gmt":"2016-01-30T09:45:16","slug":"bebax-tutore-correzione-delle-malformazioni-avampiede","status":"publish","type":"product","link":"https:\/\/www.ortopediagrassini.com\/it\/prodotto\/bebax-tutore-correzione-delle-malformazioni-avampiede\/","title":{"rendered":"Bebax &#8211; Tutore correzione delle malformazioni avampiede"},"content":{"rendered":"<p>Il trattamento pi\u00f9 avanzato per le malformazioni congenite del piede nella prima infanzia. Bebax \u00e8 una scarpina ortopedica realizzata per controllare l&#8217;avampiede in relazione al retropiede rappresentando cos\u00ec la pi\u00f9 grande innovazione nel trattamento delle malformazioni congenite del piede nella prima infanzia (metatarso varo, piede talo, piede talo valgo, piede varo, piede valgo, ecc.)<br \/>\nLa separazione strumentale della parte anteriore e posteriore del piede insieme allo snodo brevettato multidirezionale, consente di regolare la posizione dell&#8217;avampiede su tre piani: verticale, orizzontale, obliquo.<br \/>\nLo snodo multidirezionale, dunque, consente una regolazione tridimensionale della parte anteriore dell&#8217;ortesi rispetto alla parte posteriore. La sua particolare struttura consente di poter programmare e riprogrammare un&#8217;infinit\u00e0 di livelli di correzione.<br \/>\nIndicazioni<br \/>\n&#8211; Metatarso varo-addotto-supinato<br \/>\n&#8211; Trattamento di mantenimento nel post-operatorio<br \/>\n&#8211; In tutte quelle malformazioni congenite o strutturali in cui la tibio-tarsica sia riconducibile ad una posizione di 90\u00b0.<br \/>\nMisure<br \/>\n&#8211; Versione destra e sinistra.<br \/>\n&#8211; Misurare la distanza tra la tuberosit\u00e0 calcaneare e l&#8217;apice dell&#8217;alluce:<br \/>\nSmall (7 1\/2, 8, 8 1\/2, 9, 9 1\/2, 10)<br \/>\nLarge (10 1\/2, 11 1\/2,12 1\/2, 13 1\/2) <\/p>\n","protected":false},"excerpt":{"rendered":"<p>Il trattamento pi\u00f9 avanzato per le malformazioni congenite del piede  [&#8230;]<\/p>\n","protected":false},"featured_media":1085,"template":"","meta":[],"product_brand":[],"product_cat":[144,178],"product_tag":[405,420,406,409],"class_list":{"0":"post-1084","1":"product","2":"type-product","3":"status-publish","4":"has-post-thumbnail","6":"product_cat-artoinferiore","7":"product_cat-bebax","8":"product_tag-arto-inferiore","9":"product_tag-bebax","10":"product_tag-neonato","11":"product_tag-pediatrico","13":"first","14":"instock","15":"shipping-taxable","16":"purchasable","17":"product-type-variable"},"yoast_head":"<!-- This site is optimized with the Yoast SEO plugin v27.4 - https:\/\/yoast.com\/product\/yoast-seo-wordpress\/ -->\n<title>Bebax - Tutore correzione delle malformazioni avampiede - Ortopedia Grassini<\/title>\n<meta name=\"robots\" content=\"index, follow, max-snippet:-1, max-image-preview:large, max-video-preview:-1\" \/>\n<link rel=\"canonical\" href=\"https:\/\/www.ortopediagrassini.com\/it\/prodotto\/bebax-tutore-correzione-delle-malformazioni-avampiede\/\" \/>\n<meta property=\"og:locale\" content=\"it_IT\" \/>\n<meta property=\"og:type\" content=\"article\" \/>\n<meta property=\"og:title\" content=\"Bebax - Tutore correzione delle malformazioni avampiede - Ortopedia Grassini\" \/>\n<meta property=\"og:description\" content=\"Il trattamento pi\u00f9 avanzato per le malformazioni congenite del piede [...]\" \/>\n<meta property=\"og:url\" content=\"https:\/\/www.ortopediagrassini.com\/it\/prodotto\/bebax-tutore-correzione-delle-malformazioni-avampiede\/\" \/>\n<meta property=\"og:site_name\" content=\"Ortopedia Grassini\" \/>\n<meta property=\"og:image\" content=\"https:\/\/www.ortopediagrassini.com\/it\/wp-content\/uploads\/2016\/01\/bebax2.jpg\" \/>\n\t<meta property=\"og:image:width\" content=\"1000\" \/>\n\t<meta property=\"og:image:height\" content=\"1000\" \/>\n\t<meta property=\"og:image:type\" content=\"image\/jpeg\" \/>\n<meta name=\"twitter:card\" content=\"summary_large_image\" \/>\n<meta name=\"twitter:label1\" content=\"Tempo di lettura stimato\" \/>\n\t<meta name=\"twitter:data1\" content=\"1 minuto\" \/>\n<script type=\"application\/ld+json\" class=\"yoast-schema-graph\">{\"@context\":\"https:\\\/\\\/schema.org\",\"@graph\":[{\"@type\":\"WebPage\",\"@id\":\"https:\\\/\\\/www.ortopediagrassini.com\\\/it\\\/prodotto\\\/bebax-tutore-correzione-delle-malformazioni-avampiede\\\/\",\"url\":\"https:\\\/\\\/www.ortopediagrassini.com\\\/it\\\/prodotto\\\/bebax-tutore-correzione-delle-malformazioni-avampiede\\\/\",\"name\":\"Bebax - Tutore correzione delle malformazioni avampiede - Ortopedia Grassini\",\"isPartOf\":{\"@id\":\"https:\\\/\\\/www.ortopediagrassini.com\\\/it\\\/#website\"},\"primaryImageOfPage\":{\"@id\":\"https:\\\/\\\/www.ortopediagrassini.com\\\/it\\\/prodotto\\\/bebax-tutore-correzione-delle-malformazioni-avampiede\\\/#primaryimage\"},\"image\":{\"@id\":\"https:\\\/\\\/www.ortopediagrassini.com\\\/it\\\/prodotto\\\/bebax-tutore-correzione-delle-malformazioni-avampiede\\\/#primaryimage\"},\"thumbnailUrl\":\"https:\\\/\\\/www.ortopediagrassini.com\\\/it\\\/wp-content\\\/uploads\\\/2016\\\/01\\\/bebax2.jpg\",\"datePublished\":\"2016-01-30T09:45:16+00:00\",\"breadcrumb\":{\"@id\":\"https:\\\/\\\/www.ortopediagrassini.com\\\/it\\\/prodotto\\\/bebax-tutore-correzione-delle-malformazioni-avampiede\\\/#breadcrumb\"},\"inLanguage\":\"it-IT\",\"potentialAction\":[{\"@type\":\"ReadAction\",\"target\":[\"https:\\\/\\\/www.ortopediagrassini.com\\\/it\\\/prodotto\\\/bebax-tutore-correzione-delle-malformazioni-avampiede\\\/\"]}]},{\"@type\":\"ImageObject\",\"inLanguage\":\"it-IT\",\"@id\":\"https:\\\/\\\/www.ortopediagrassini.com\\\/it\\\/prodotto\\\/bebax-tutore-correzione-delle-malformazioni-avampiede\\\/#primaryimage\",\"url\":\"https:\\\/\\\/www.ortopediagrassini.com\\\/it\\\/wp-content\\\/uploads\\\/2016\\\/01\\\/bebax2.jpg\",\"contentUrl\":\"https:\\\/\\\/www.ortopediagrassini.com\\\/it\\\/wp-content\\\/uploads\\\/2016\\\/01\\\/bebax2.jpg\",\"width\":1000,\"height\":1000},{\"@type\":\"BreadcrumbList\",\"@id\":\"https:\\\/\\\/www.ortopediagrassini.com\\\/it\\\/prodotto\\\/bebax-tutore-correzione-delle-malformazioni-avampiede\\\/#breadcrumb\",\"itemListElement\":[{\"@type\":\"ListItem\",\"position\":1,\"name\":\"Home\",\"item\":\"https:\\\/\\\/www.ortopediagrassini.com\\\/it\\\/\"},{\"@type\":\"ListItem\",\"position\":2,\"name\":\"Prodotti\",\"item\":\"https:\\\/\\\/www.ortopediagrassini.com\\\/it\\\/negozio\\\/\"},{\"@type\":\"ListItem\",\"position\":3,\"name\":\"Bebax &#8211; Tutore correzione delle malformazioni avampiede\"}]},{\"@type\":\"WebSite\",\"@id\":\"https:\\\/\\\/www.ortopediagrassini.com\\\/it\\\/#website\",\"url\":\"https:\\\/\\\/www.ortopediagrassini.com\\\/it\\\/\",\"name\":\"Ortopedia Grassini\",\"description\":\"Ortopedia dal 1952\",\"publisher\":{\"@id\":\"https:\\\/\\\/www.ortopediagrassini.com\\\/it\\\/#organization\"},\"potentialAction\":[{\"@type\":\"SearchAction\",\"target\":{\"@type\":\"EntryPoint\",\"urlTemplate\":\"https:\\\/\\\/www.ortopediagrassini.com\\\/it\\\/?s={search_term_string}\"},\"query-input\":{\"@type\":\"PropertyValueSpecification\",\"valueRequired\":true,\"valueName\":\"search_term_string\"}}],\"inLanguage\":\"it-IT\"},{\"@type\":\"Organization\",\"@id\":\"https:\\\/\\\/www.ortopediagrassini.com\\\/it\\\/#organization\",\"name\":\"Ortopedia Grassini\",\"url\":\"https:\\\/\\\/www.ortopediagrassini.com\\\/it\\\/\",\"logo\":{\"@type\":\"ImageObject\",\"inLanguage\":\"it-IT\",\"@id\":\"https:\\\/\\\/www.ortopediagrassini.com\\\/it\\\/#\\\/schema\\\/logo\\\/image\\\/\",\"url\":\"https:\\\/\\\/www.ortopediagrassini.com\\\/it\\\/wp-content\\\/uploads\\\/2015\\\/07\\\/Grassini-Logo-Cross-SHADOW.png\",\"contentUrl\":\"https:\\\/\\\/www.ortopediagrassini.com\\\/it\\\/wp-content\\\/uploads\\\/2015\\\/07\\\/Grassini-Logo-Cross-SHADOW.png\",\"width\":300,\"height\":115,\"caption\":\"Ortopedia Grassini\"},\"image\":{\"@id\":\"https:\\\/\\\/www.ortopediagrassini.com\\\/it\\\/#\\\/schema\\\/logo\\\/image\\\/\"}}]}<\/script>\n<!-- \/ Yoast SEO plugin. -->","yoast_head_json":{"title":"Bebax - Tutore correzione delle malformazioni avampiede - Ortopedia Grassini","robots":{"index":"index","follow":"follow","max-snippet":"max-snippet:-1","max-image-preview":"max-image-preview:large","max-video-preview":"max-video-preview:-1"},"canonical":"https:\/\/www.ortopediagrassini.com\/it\/prodotto\/bebax-tutore-correzione-delle-malformazioni-avampiede\/","og_locale":"it_IT","og_type":"article","og_title":"Bebax - Tutore correzione delle malformazioni avampiede - Ortopedia Grassini","og_description":"Il trattamento pi\u00f9 avanzato per le malformazioni congenite del piede [...]","og_url":"https:\/\/www.ortopediagrassini.com\/it\/prodotto\/bebax-tutore-correzione-delle-malformazioni-avampiede\/","og_site_name":"Ortopedia Grassini","og_image":[{"width":1000,"height":1000,"url":"https:\/\/www.ortopediagrassini.com\/it\/wp-content\/uploads\/2016\/01\/bebax2.jpg","type":"image\/jpeg"}],"twitter_card":"summary_large_image","twitter_misc":{"Tempo di lettura stimato":"1 minuto"},"schema":{"@context":"https:\/\/schema.org","@graph":[{"@type":"WebPage","@id":"https:\/\/www.ortopediagrassini.com\/it\/prodotto\/bebax-tutore-correzione-delle-malformazioni-avampiede\/","url":"https:\/\/www.ortopediagrassini.com\/it\/prodotto\/bebax-tutore-correzione-delle-malformazioni-avampiede\/","name":"Bebax - Tutore correzione delle malformazioni avampiede - Ortopedia Grassini","isPartOf":{"@id":"https:\/\/www.ortopediagrassini.com\/it\/#website"},"primaryImageOfPage":{"@id":"https:\/\/www.ortopediagrassini.com\/it\/prodotto\/bebax-tutore-correzione-delle-malformazioni-avampiede\/#primaryimage"},"image":{"@id":"https:\/\/www.ortopediagrassini.com\/it\/prodotto\/bebax-tutore-correzione-delle-malformazioni-avampiede\/#primaryimage"},"thumbnailUrl":"https:\/\/www.ortopediagrassini.com\/it\/wp-content\/uploads\/2016\/01\/bebax2.jpg","datePublished":"2016-01-30T09:45:16+00:00","breadcrumb":{"@id":"https:\/\/www.ortopediagrassini.com\/it\/prodotto\/bebax-tutore-correzione-delle-malformazioni-avampiede\/#breadcrumb"},"inLanguage":"it-IT","potentialAction":[{"@type":"ReadAction","target":["https:\/\/www.ortopediagrassini.com\/it\/prodotto\/bebax-tutore-correzione-delle-malformazioni-avampiede\/"]}]},{"@type":"ImageObject","inLanguage":"it-IT","@id":"https:\/\/www.ortopediagrassini.com\/it\/prodotto\/bebax-tutore-correzione-delle-malformazioni-avampiede\/#primaryimage","url":"https:\/\/www.ortopediagrassini.com\/it\/wp-content\/uploads\/2016\/01\/bebax2.jpg","contentUrl":"https:\/\/www.ortopediagrassini.com\/it\/wp-content\/uploads\/2016\/01\/bebax2.jpg","width":1000,"height":1000},{"@type":"BreadcrumbList","@id":"https:\/\/www.ortopediagrassini.com\/it\/prodotto\/bebax-tutore-correzione-delle-malformazioni-avampiede\/#breadcrumb","itemListElement":[{"@type":"ListItem","position":1,"name":"Home","item":"https:\/\/www.ortopediagrassini.com\/it\/"},{"@type":"ListItem","position":2,"name":"Prodotti","item":"https:\/\/www.ortopediagrassini.com\/it\/negozio\/"},{"@type":"ListItem","position":3,"name":"Bebax &#8211; Tutore correzione delle malformazioni avampiede"}]},{"@type":"WebSite","@id":"https:\/\/www.ortopediagrassini.com\/it\/#website","url":"https:\/\/www.ortopediagrassini.com\/it\/","name":"Ortopedia Grassini","description":"Ortopedia dal 1952","publisher":{"@id":"https:\/\/www.ortopediagrassini.com\/it\/#organization"},"potentialAction":[{"@type":"SearchAction","target":{"@type":"EntryPoint","urlTemplate":"https:\/\/www.ortopediagrassini.com\/it\/?s={search_term_string}"},"query-input":{"@type":"PropertyValueSpecification","valueRequired":true,"valueName":"search_term_string"}}],"inLanguage":"it-IT"},{"@type":"Organization","@id":"https:\/\/www.ortopediagrassini.com\/it\/#organization","name":"Ortopedia Grassini","url":"https:\/\/www.ortopediagrassini.com\/it\/","logo":{"@type":"ImageObject","inLanguage":"it-IT","@id":"https:\/\/www.ortopediagrassini.com\/it\/#\/schema\/logo\/image\/","url":"https:\/\/www.ortopediagrassini.com\/it\/wp-content\/uploads\/2015\/07\/Grassini-Logo-Cross-SHADOW.png","contentUrl":"https:\/\/www.ortopediagrassini.com\/it\/wp-content\/uploads\/2015\/07\/Grassini-Logo-Cross-SHADOW.png","width":300,"height":115,"caption":"Ortopedia Grassini"},"image":{"@id":"https:\/\/www.ortopediagrassini.com\/it\/#\/schema\/logo\/image\/"}}]}},"_links":{"self":[{"href":"https:\/\/www.ortopediagrassini.com\/it\/wp-json\/wp\/v2\/product\/1084","targetHints":{"allow":["GET"]}}],"collection":[{"href":"https:\/\/www.ortopediagrassini.com\/it\/wp-json\/wp\/v2\/product"}],"about":[{"href":"https:\/\/www.ortopediagrassini.com\/it\/wp-json\/wp\/v2\/types\/product"}],"wp:featuredmedia":[{"embeddable":true,"href":"https:\/\/www.ortopediagrassini.com\/it\/wp-json\/wp\/v2\/media\/1085"}],"wp:attachment":[{"href":"https:\/\/www.ortopediagrassini.com\/it\/wp-json\/wp\/v2\/media?parent=1084"}],"wp:term":[{"taxonomy":"product_brand","embeddable":true,"href":"https:\/\/www.ortopediagrassini.com\/it\/wp-json\/wp\/v2\/product_brand?post=1084"},{"taxonomy":"product_cat","embeddable":true,"href":"https:\/\/www.ortopediagrassini.com\/it\/wp-json\/wp\/v2\/product_cat?post=1084"},{"taxonomy":"product_tag","embeddable":true,"href":"https:\/\/www.ortopediagrassini.com\/it\/wp-json\/wp\/v2\/product_tag?post=1084"}],"curies":[{"name":"wp","href":"https:\/\/api.w.org\/{rel}","templated":true}]}}