{"id":1688,"date":"2016-02-20T16:35:32","date_gmt":"2016-02-20T15:35:32","guid":{"rendered":"https:\/\/www.ortopediagrassini.com\/it\/?post_type=product&#038;p=1688"},"modified":"2019-04-18T18:35:08","modified_gmt":"2019-04-18T16:35:08","slug":"immobilizzatore-di-spalla-e-braccio","status":"publish","type":"product","link":"https:\/\/www.ortopediagrassini.com\/it\/prodotto\/immobilizzatore-di-spalla-e-braccio\/","title":{"rendered":"Immobilizzatore di spalla e braccio"},"content":{"rendered":"<p>Caratteristiche:<br \/>\nSupporto per il braccio munito di fascia di immobilizzazione. La fascia trasversale viene bloccata sul davanti per ottenere la restrizione di mobilit\u00e0 richiesta e pu\u00f2 essere rimossa quando non \u00e8 pi\u00f9 necessaria. Le cinghie si incrociano posteriormente e garantiscono la distribuzione del peso del braccio su entrambe le spalle.<\/p>\n<p>Indicazioni<br \/>\n&#8211; Lussazioni, dislocazioni, separazioni di spalla<br \/>\n&#8211; Dove sia necessaria una limitazione del movimento della spalla e dell&#8217;arto superiore.<\/p>\n<p>Taglia (Lunghezza avambraccio e mano):<br \/>\nSmall (da 28 a 41 cm)<br \/>\nLarge (da 42 a 55 cm)<\/p>\n","protected":false},"excerpt":{"rendered":"<p>Caratteristiche: Supporto per il braccio munito di fascia di immobilizzazione.  [&#8230;]<\/p>\n","protected":false},"featured_media":1689,"template":"","meta":[],"product_brand":[],"product_cat":[145,187],"product_tag":[524,476,523,529],"class_list":{"0":"post-1688","1":"product","2":"type-product","3":"status-publish","4":"has-post-thumbnail","6":"product_cat-artosuperiore","7":"product_cat-immobilizzazionearti","8":"product_tag-dislocazioni","9":"product_tag-immobilizzatore","10":"product_tag-lussazioni","11":"product_tag-separazioni-di-spalla","13":"first","14":"instock","15":"shipping-taxable","16":"purchasable","17":"product-type-variable"},"yoast_head":"<!-- This site is optimized with the Yoast SEO plugin v27.4 - https:\/\/yoast.com\/product\/yoast-seo-wordpress\/ -->\n<title>Immobilizzatore di spalla e braccio - Ortopedia Grassini<\/title>\n<meta name=\"robots\" content=\"index, follow, max-snippet:-1, max-image-preview:large, max-video-preview:-1\" \/>\n<link rel=\"canonical\" href=\"https:\/\/www.ortopediagrassini.com\/it\/prodotto\/immobilizzatore-di-spalla-e-braccio\/\" \/>\n<meta property=\"og:locale\" content=\"it_IT\" \/>\n<meta property=\"og:type\" content=\"article\" \/>\n<meta property=\"og:title\" content=\"Immobilizzatore di spalla e braccio - Ortopedia Grassini\" \/>\n<meta property=\"og:description\" content=\"Caratteristiche: Supporto per il braccio munito di fascia di immobilizzazione. [...]\" \/>\n<meta property=\"og:url\" content=\"https:\/\/www.ortopediagrassini.com\/it\/prodotto\/immobilizzatore-di-spalla-e-braccio\/\" \/>\n<meta property=\"og:site_name\" content=\"Ortopedia Grassini\" \/>\n<meta property=\"article:modified_time\" content=\"2019-04-18T16:35:08+00:00\" \/>\n<meta property=\"og:image\" content=\"https:\/\/www.ortopediagrassini.com\/it\/wp-content\/uploads\/2016\/02\/11-Immobilizzatore-di-spalla-e-braccio.jpg\" \/>\n\t<meta property=\"og:image:width\" content=\"1000\" \/>\n\t<meta property=\"og:image:height\" content=\"1000\" \/>\n\t<meta property=\"og:image:type\" content=\"image\/jpeg\" \/>\n<meta name=\"twitter:card\" content=\"summary_large_image\" \/>\n<script type=\"application\/ld+json\" class=\"yoast-schema-graph\">{\"@context\":\"https:\\\/\\\/schema.org\",\"@graph\":[{\"@type\":\"WebPage\",\"@id\":\"https:\\\/\\\/www.ortopediagrassini.com\\\/it\\\/prodotto\\\/immobilizzatore-di-spalla-e-braccio\\\/\",\"url\":\"https:\\\/\\\/www.ortopediagrassini.com\\\/it\\\/prodotto\\\/immobilizzatore-di-spalla-e-braccio\\\/\",\"name\":\"Immobilizzatore di spalla e braccio - Ortopedia Grassini\",\"isPartOf\":{\"@id\":\"https:\\\/\\\/www.ortopediagrassini.com\\\/it\\\/#website\"},\"primaryImageOfPage\":{\"@id\":\"https:\\\/\\\/www.ortopediagrassini.com\\\/it\\\/prodotto\\\/immobilizzatore-di-spalla-e-braccio\\\/#primaryimage\"},\"image\":{\"@id\":\"https:\\\/\\\/www.ortopediagrassini.com\\\/it\\\/prodotto\\\/immobilizzatore-di-spalla-e-braccio\\\/#primaryimage\"},\"thumbnailUrl\":\"https:\\\/\\\/www.ortopediagrassini.com\\\/it\\\/wp-content\\\/uploads\\\/2016\\\/02\\\/11-Immobilizzatore-di-spalla-e-braccio.jpg\",\"datePublished\":\"2016-02-20T15:35:32+00:00\",\"dateModified\":\"2019-04-18T16:35:08+00:00\",\"breadcrumb\":{\"@id\":\"https:\\\/\\\/www.ortopediagrassini.com\\\/it\\\/prodotto\\\/immobilizzatore-di-spalla-e-braccio\\\/#breadcrumb\"},\"inLanguage\":\"it-IT\",\"potentialAction\":[{\"@type\":\"ReadAction\",\"target\":[\"https:\\\/\\\/www.ortopediagrassini.com\\\/it\\\/prodotto\\\/immobilizzatore-di-spalla-e-braccio\\\/\"]}]},{\"@type\":\"ImageObject\",\"inLanguage\":\"it-IT\",\"@id\":\"https:\\\/\\\/www.ortopediagrassini.com\\\/it\\\/prodotto\\\/immobilizzatore-di-spalla-e-braccio\\\/#primaryimage\",\"url\":\"https:\\\/\\\/www.ortopediagrassini.com\\\/it\\\/wp-content\\\/uploads\\\/2016\\\/02\\\/11-Immobilizzatore-di-spalla-e-braccio.jpg\",\"contentUrl\":\"https:\\\/\\\/www.ortopediagrassini.com\\\/it\\\/wp-content\\\/uploads\\\/2016\\\/02\\\/11-Immobilizzatore-di-spalla-e-braccio.jpg\",\"width\":1000,\"height\":1000},{\"@type\":\"BreadcrumbList\",\"@id\":\"https:\\\/\\\/www.ortopediagrassini.com\\\/it\\\/prodotto\\\/immobilizzatore-di-spalla-e-braccio\\\/#breadcrumb\",\"itemListElement\":[{\"@type\":\"ListItem\",\"position\":1,\"name\":\"Home\",\"item\":\"https:\\\/\\\/www.ortopediagrassini.com\\\/it\\\/\"},{\"@type\":\"ListItem\",\"position\":2,\"name\":\"Prodotti\",\"item\":\"https:\\\/\\\/www.ortopediagrassini.com\\\/it\\\/negozio\\\/\"},{\"@type\":\"ListItem\",\"position\":3,\"name\":\"Immobilizzatore di spalla e braccio\"}]},{\"@type\":\"WebSite\",\"@id\":\"https:\\\/\\\/www.ortopediagrassini.com\\\/it\\\/#website\",\"url\":\"https:\\\/\\\/www.ortopediagrassini.com\\\/it\\\/\",\"name\":\"Ortopedia Grassini\",\"description\":\"Ortopedia dal 1952\",\"publisher\":{\"@id\":\"https:\\\/\\\/www.ortopediagrassini.com\\\/it\\\/#organization\"},\"potentialAction\":[{\"@type\":\"SearchAction\",\"target\":{\"@type\":\"EntryPoint\",\"urlTemplate\":\"https:\\\/\\\/www.ortopediagrassini.com\\\/it\\\/?s={search_term_string}\"},\"query-input\":{\"@type\":\"PropertyValueSpecification\",\"valueRequired\":true,\"valueName\":\"search_term_string\"}}],\"inLanguage\":\"it-IT\"},{\"@type\":\"Organization\",\"@id\":\"https:\\\/\\\/www.ortopediagrassini.com\\\/it\\\/#organization\",\"name\":\"Ortopedia Grassini\",\"url\":\"https:\\\/\\\/www.ortopediagrassini.com\\\/it\\\/\",\"logo\":{\"@type\":\"ImageObject\",\"inLanguage\":\"it-IT\",\"@id\":\"https:\\\/\\\/www.ortopediagrassini.com\\\/it\\\/#\\\/schema\\\/logo\\\/image\\\/\",\"url\":\"https:\\\/\\\/www.ortopediagrassini.com\\\/it\\\/wp-content\\\/uploads\\\/2015\\\/07\\\/Grassini-Logo-Cross-SHADOW.png\",\"contentUrl\":\"https:\\\/\\\/www.ortopediagrassini.com\\\/it\\\/wp-content\\\/uploads\\\/2015\\\/07\\\/Grassini-Logo-Cross-SHADOW.png\",\"width\":300,\"height\":115,\"caption\":\"Ortopedia Grassini\"},\"image\":{\"@id\":\"https:\\\/\\\/www.ortopediagrassini.com\\\/it\\\/#\\\/schema\\\/logo\\\/image\\\/\"}}]}<\/script>\n<!-- \/ Yoast SEO plugin. -->","yoast_head_json":{"title":"Immobilizzatore di spalla e braccio - Ortopedia Grassini","robots":{"index":"index","follow":"follow","max-snippet":"max-snippet:-1","max-image-preview":"max-image-preview:large","max-video-preview":"max-video-preview:-1"},"canonical":"https:\/\/www.ortopediagrassini.com\/it\/prodotto\/immobilizzatore-di-spalla-e-braccio\/","og_locale":"it_IT","og_type":"article","og_title":"Immobilizzatore di spalla e braccio - Ortopedia Grassini","og_description":"Caratteristiche: Supporto per il braccio munito di fascia di immobilizzazione. [...]","og_url":"https:\/\/www.ortopediagrassini.com\/it\/prodotto\/immobilizzatore-di-spalla-e-braccio\/","og_site_name":"Ortopedia Grassini","article_modified_time":"2019-04-18T16:35:08+00:00","og_image":[{"width":1000,"height":1000,"url":"https:\/\/www.ortopediagrassini.com\/it\/wp-content\/uploads\/2016\/02\/11-Immobilizzatore-di-spalla-e-braccio.jpg","type":"image\/jpeg"}],"twitter_card":"summary_large_image","schema":{"@context":"https:\/\/schema.org","@graph":[{"@type":"WebPage","@id":"https:\/\/www.ortopediagrassini.com\/it\/prodotto\/immobilizzatore-di-spalla-e-braccio\/","url":"https:\/\/www.ortopediagrassini.com\/it\/prodotto\/immobilizzatore-di-spalla-e-braccio\/","name":"Immobilizzatore di spalla e braccio - Ortopedia Grassini","isPartOf":{"@id":"https:\/\/www.ortopediagrassini.com\/it\/#website"},"primaryImageOfPage":{"@id":"https:\/\/www.ortopediagrassini.com\/it\/prodotto\/immobilizzatore-di-spalla-e-braccio\/#primaryimage"},"image":{"@id":"https:\/\/www.ortopediagrassini.com\/it\/prodotto\/immobilizzatore-di-spalla-e-braccio\/#primaryimage"},"thumbnailUrl":"https:\/\/www.ortopediagrassini.com\/it\/wp-content\/uploads\/2016\/02\/11-Immobilizzatore-di-spalla-e-braccio.jpg","datePublished":"2016-02-20T15:35:32+00:00","dateModified":"2019-04-18T16:35:08+00:00","breadcrumb":{"@id":"https:\/\/www.ortopediagrassini.com\/it\/prodotto\/immobilizzatore-di-spalla-e-braccio\/#breadcrumb"},"inLanguage":"it-IT","potentialAction":[{"@type":"ReadAction","target":["https:\/\/www.ortopediagrassini.com\/it\/prodotto\/immobilizzatore-di-spalla-e-braccio\/"]}]},{"@type":"ImageObject","inLanguage":"it-IT","@id":"https:\/\/www.ortopediagrassini.com\/it\/prodotto\/immobilizzatore-di-spalla-e-braccio\/#primaryimage","url":"https:\/\/www.ortopediagrassini.com\/it\/wp-content\/uploads\/2016\/02\/11-Immobilizzatore-di-spalla-e-braccio.jpg","contentUrl":"https:\/\/www.ortopediagrassini.com\/it\/wp-content\/uploads\/2016\/02\/11-Immobilizzatore-di-spalla-e-braccio.jpg","width":1000,"height":1000},{"@type":"BreadcrumbList","@id":"https:\/\/www.ortopediagrassini.com\/it\/prodotto\/immobilizzatore-di-spalla-e-braccio\/#breadcrumb","itemListElement":[{"@type":"ListItem","position":1,"name":"Home","item":"https:\/\/www.ortopediagrassini.com\/it\/"},{"@type":"ListItem","position":2,"name":"Prodotti","item":"https:\/\/www.ortopediagrassini.com\/it\/negozio\/"},{"@type":"ListItem","position":3,"name":"Immobilizzatore di spalla e braccio"}]},{"@type":"WebSite","@id":"https:\/\/www.ortopediagrassini.com\/it\/#website","url":"https:\/\/www.ortopediagrassini.com\/it\/","name":"Ortopedia Grassini","description":"Ortopedia dal 1952","publisher":{"@id":"https:\/\/www.ortopediagrassini.com\/it\/#organization"},"potentialAction":[{"@type":"SearchAction","target":{"@type":"EntryPoint","urlTemplate":"https:\/\/www.ortopediagrassini.com\/it\/?s={search_term_string}"},"query-input":{"@type":"PropertyValueSpecification","valueRequired":true,"valueName":"search_term_string"}}],"inLanguage":"it-IT"},{"@type":"Organization","@id":"https:\/\/www.ortopediagrassini.com\/it\/#organization","name":"Ortopedia Grassini","url":"https:\/\/www.ortopediagrassini.com\/it\/","logo":{"@type":"ImageObject","inLanguage":"it-IT","@id":"https:\/\/www.ortopediagrassini.com\/it\/#\/schema\/logo\/image\/","url":"https:\/\/www.ortopediagrassini.com\/it\/wp-content\/uploads\/2015\/07\/Grassini-Logo-Cross-SHADOW.png","contentUrl":"https:\/\/www.ortopediagrassini.com\/it\/wp-content\/uploads\/2015\/07\/Grassini-Logo-Cross-SHADOW.png","width":300,"height":115,"caption":"Ortopedia Grassini"},"image":{"@id":"https:\/\/www.ortopediagrassini.com\/it\/#\/schema\/logo\/image\/"}}]}},"_links":{"self":[{"href":"https:\/\/www.ortopediagrassini.com\/it\/wp-json\/wp\/v2\/product\/1688","targetHints":{"allow":["GET"]}}],"collection":[{"href":"https:\/\/www.ortopediagrassini.com\/it\/wp-json\/wp\/v2\/product"}],"about":[{"href":"https:\/\/www.ortopediagrassini.com\/it\/wp-json\/wp\/v2\/types\/product"}],"wp:featuredmedia":[{"embeddable":true,"href":"https:\/\/www.ortopediagrassini.com\/it\/wp-json\/wp\/v2\/media\/1689"}],"wp:attachment":[{"href":"https:\/\/www.ortopediagrassini.com\/it\/wp-json\/wp\/v2\/media?parent=1688"}],"wp:term":[{"taxonomy":"product_brand","embeddable":true,"href":"https:\/\/www.ortopediagrassini.com\/it\/wp-json\/wp\/v2\/product_brand?post=1688"},{"taxonomy":"product_cat","embeddable":true,"href":"https:\/\/www.ortopediagrassini.com\/it\/wp-json\/wp\/v2\/product_cat?post=1688"},{"taxonomy":"product_tag","embeddable":true,"href":"https:\/\/www.ortopediagrassini.com\/it\/wp-json\/wp\/v2\/product_tag?post=1688"}],"curies":[{"name":"wp","href":"https:\/\/api.w.org\/{rel}","templated":true}]}}