{"id":1916,"date":"2016-02-25T17:41:23","date_gmt":"2016-02-25T16:41:23","guid":{"rendered":"https:\/\/www.ortopediagrassini.com\/it\/?post_type=product&#038;p=1916"},"modified":"2019-03-18T18:52:59","modified_gmt":"2019-03-18T17:52:59","slug":"plantare-silicone-diabetic-care","status":"publish","type":"product","link":"https:\/\/www.ortopediagrassini.com\/it\/prodotto\/plantare-silicone-diabetic-care\/","title":{"rendered":"Plantare silicone Diabetic Care"},"content":{"rendered":"<p>Plantare Diabetic Care con due strati di silicone a densit\u00e0 differenziata. Scarico metatarsale\/calcaneale e goccia metatarsale.<\/p>\n<p>INDICAZIONI<br \/>\nAiutano nella prevenzione e cura del piede diabetico. Situazioni post-operatorie \u2013 Pratiche sportive \u2013 Talloniti \u2013 Talalgie \u2013 Borsiti \u2013 Tendiniti \u2013 Fasciti plantari.<\/p>\n<p>CARATTERISTICHE<br \/>\nSpeciale soletta realizzata con due diversi strati di silicone a densit\u00e0 differenziata. Il primo strato in silicone a contatto con la pianta del piede \u00e8 pi\u00f9 morbido. Il secondo, a densit\u00e0 maggiore, \u00e8 dotato di zone di scarico che permettono di ammortizzare i punti di pressione.<br \/>\nAdatte a tutti i tipi di calzature e non scivolano all\u2019interno della scarpa.<\/p>\n<p>Taglie:<br \/>\n\u2022S= 36-38<br \/>\n\u2022M= 39-40<br \/>\n\u2022L= 41-43<br \/>\n\u2022XL= 44-45<\/p>\n","protected":false},"excerpt":{"rendered":"<p>Plantare Diabetic Care con due strati di silicone a densit\u00e0  [&#8230;]<\/p>\n","protected":false},"featured_media":1917,"template":"","meta":[],"product_brand":[],"product_cat":[146,189],"product_tag":[1257,1253,285,584,582,585],"class_list":{"0":"post-1916","1":"product","2":"type-product","3":"status-publish","4":"has-post-thumbnail","6":"product_cat-plantari","7":"product_cat-plantari-vari","8":"product_tag-dolore","9":"product_tag-infiammazione","10":"product_tag-piede","11":"product_tag-piede-diabetico","12":"product_tag-plantare","13":"product_tag-silicone","15":"first","16":"instock","17":"shipping-taxable","18":"purchasable","19":"product-type-variable"},"yoast_head":"<!-- This site is optimized with the Yoast SEO plugin v27.4 - https:\/\/yoast.com\/product\/yoast-seo-wordpress\/ -->\n<title>Plantare silicone Diabetic Care - Ortopedia Grassini<\/title>\n<meta name=\"robots\" content=\"index, follow, max-snippet:-1, max-image-preview:large, max-video-preview:-1\" \/>\n<link rel=\"canonical\" href=\"https:\/\/www.ortopediagrassini.com\/it\/prodotto\/plantare-silicone-diabetic-care\/\" \/>\n<meta property=\"og:locale\" content=\"it_IT\" \/>\n<meta property=\"og:type\" content=\"article\" \/>\n<meta property=\"og:title\" content=\"Plantare silicone Diabetic Care - Ortopedia Grassini\" \/>\n<meta property=\"og:description\" content=\"Plantare Diabetic Care con due strati di silicone a densit\u00e0 [...]\" \/>\n<meta property=\"og:url\" content=\"https:\/\/www.ortopediagrassini.com\/it\/prodotto\/plantare-silicone-diabetic-care\/\" \/>\n<meta property=\"og:site_name\" content=\"Ortopedia Grassini\" \/>\n<meta property=\"article:modified_time\" content=\"2019-03-18T17:52:59+00:00\" \/>\n<meta property=\"og:image\" content=\"https:\/\/www.ortopediagrassini.com\/it\/wp-content\/uploads\/2016\/02\/9-plantari-silicone-orione.jpg\" \/>\n\t<meta property=\"og:image:width\" content=\"160\" \/>\n\t<meta property=\"og:image:height\" content=\"160\" \/>\n\t<meta property=\"og:image:type\" content=\"image\/jpeg\" \/>\n<meta name=\"twitter:card\" content=\"summary_large_image\" \/>\n<meta name=\"twitter:label1\" content=\"Tempo di lettura stimato\" \/>\n\t<meta name=\"twitter:data1\" content=\"1 minuto\" \/>\n<script type=\"application\/ld+json\" class=\"yoast-schema-graph\">{\"@context\":\"https:\\\/\\\/schema.org\",\"@graph\":[{\"@type\":\"WebPage\",\"@id\":\"https:\\\/\\\/www.ortopediagrassini.com\\\/it\\\/prodotto\\\/plantare-silicone-diabetic-care\\\/\",\"url\":\"https:\\\/\\\/www.ortopediagrassini.com\\\/it\\\/prodotto\\\/plantare-silicone-diabetic-care\\\/\",\"name\":\"Plantare silicone Diabetic Care - Ortopedia Grassini\",\"isPartOf\":{\"@id\":\"https:\\\/\\\/www.ortopediagrassini.com\\\/it\\\/#website\"},\"primaryImageOfPage\":{\"@id\":\"https:\\\/\\\/www.ortopediagrassini.com\\\/it\\\/prodotto\\\/plantare-silicone-diabetic-care\\\/#primaryimage\"},\"image\":{\"@id\":\"https:\\\/\\\/www.ortopediagrassini.com\\\/it\\\/prodotto\\\/plantare-silicone-diabetic-care\\\/#primaryimage\"},\"thumbnailUrl\":\"https:\\\/\\\/www.ortopediagrassini.com\\\/it\\\/wp-content\\\/uploads\\\/2016\\\/02\\\/9-plantari-silicone-orione.jpg\",\"datePublished\":\"2016-02-25T16:41:23+00:00\",\"dateModified\":\"2019-03-18T17:52:59+00:00\",\"breadcrumb\":{\"@id\":\"https:\\\/\\\/www.ortopediagrassini.com\\\/it\\\/prodotto\\\/plantare-silicone-diabetic-care\\\/#breadcrumb\"},\"inLanguage\":\"it-IT\",\"potentialAction\":[{\"@type\":\"ReadAction\",\"target\":[\"https:\\\/\\\/www.ortopediagrassini.com\\\/it\\\/prodotto\\\/plantare-silicone-diabetic-care\\\/\"]}]},{\"@type\":\"ImageObject\",\"inLanguage\":\"it-IT\",\"@id\":\"https:\\\/\\\/www.ortopediagrassini.com\\\/it\\\/prodotto\\\/plantare-silicone-diabetic-care\\\/#primaryimage\",\"url\":\"https:\\\/\\\/www.ortopediagrassini.com\\\/it\\\/wp-content\\\/uploads\\\/2016\\\/02\\\/9-plantari-silicone-orione.jpg\",\"contentUrl\":\"https:\\\/\\\/www.ortopediagrassini.com\\\/it\\\/wp-content\\\/uploads\\\/2016\\\/02\\\/9-plantari-silicone-orione.jpg\",\"width\":160,\"height\":160},{\"@type\":\"BreadcrumbList\",\"@id\":\"https:\\\/\\\/www.ortopediagrassini.com\\\/it\\\/prodotto\\\/plantare-silicone-diabetic-care\\\/#breadcrumb\",\"itemListElement\":[{\"@type\":\"ListItem\",\"position\":1,\"name\":\"Home\",\"item\":\"https:\\\/\\\/www.ortopediagrassini.com\\\/it\\\/\"},{\"@type\":\"ListItem\",\"position\":2,\"name\":\"Prodotti\",\"item\":\"https:\\\/\\\/www.ortopediagrassini.com\\\/it\\\/negozio\\\/\"},{\"@type\":\"ListItem\",\"position\":3,\"name\":\"Plantare silicone Diabetic Care\"}]},{\"@type\":\"WebSite\",\"@id\":\"https:\\\/\\\/www.ortopediagrassini.com\\\/it\\\/#website\",\"url\":\"https:\\\/\\\/www.ortopediagrassini.com\\\/it\\\/\",\"name\":\"Ortopedia Grassini\",\"description\":\"Ortopedia dal 1952\",\"publisher\":{\"@id\":\"https:\\\/\\\/www.ortopediagrassini.com\\\/it\\\/#organization\"},\"potentialAction\":[{\"@type\":\"SearchAction\",\"target\":{\"@type\":\"EntryPoint\",\"urlTemplate\":\"https:\\\/\\\/www.ortopediagrassini.com\\\/it\\\/?s={search_term_string}\"},\"query-input\":{\"@type\":\"PropertyValueSpecification\",\"valueRequired\":true,\"valueName\":\"search_term_string\"}}],\"inLanguage\":\"it-IT\"},{\"@type\":\"Organization\",\"@id\":\"https:\\\/\\\/www.ortopediagrassini.com\\\/it\\\/#organization\",\"name\":\"Ortopedia Grassini\",\"url\":\"https:\\\/\\\/www.ortopediagrassini.com\\\/it\\\/\",\"logo\":{\"@type\":\"ImageObject\",\"inLanguage\":\"it-IT\",\"@id\":\"https:\\\/\\\/www.ortopediagrassini.com\\\/it\\\/#\\\/schema\\\/logo\\\/image\\\/\",\"url\":\"https:\\\/\\\/www.ortopediagrassini.com\\\/it\\\/wp-content\\\/uploads\\\/2015\\\/07\\\/Grassini-Logo-Cross-SHADOW.png\",\"contentUrl\":\"https:\\\/\\\/www.ortopediagrassini.com\\\/it\\\/wp-content\\\/uploads\\\/2015\\\/07\\\/Grassini-Logo-Cross-SHADOW.png\",\"width\":300,\"height\":115,\"caption\":\"Ortopedia Grassini\"},\"image\":{\"@id\":\"https:\\\/\\\/www.ortopediagrassini.com\\\/it\\\/#\\\/schema\\\/logo\\\/image\\\/\"}}]}<\/script>\n<!-- \/ Yoast SEO plugin. -->","yoast_head_json":{"title":"Plantare silicone Diabetic Care - Ortopedia Grassini","robots":{"index":"index","follow":"follow","max-snippet":"max-snippet:-1","max-image-preview":"max-image-preview:large","max-video-preview":"max-video-preview:-1"},"canonical":"https:\/\/www.ortopediagrassini.com\/it\/prodotto\/plantare-silicone-diabetic-care\/","og_locale":"it_IT","og_type":"article","og_title":"Plantare silicone Diabetic Care - Ortopedia Grassini","og_description":"Plantare Diabetic Care con due strati di silicone a densit\u00e0 [...]","og_url":"https:\/\/www.ortopediagrassini.com\/it\/prodotto\/plantare-silicone-diabetic-care\/","og_site_name":"Ortopedia Grassini","article_modified_time":"2019-03-18T17:52:59+00:00","og_image":[{"width":160,"height":160,"url":"https:\/\/www.ortopediagrassini.com\/it\/wp-content\/uploads\/2016\/02\/9-plantari-silicone-orione.jpg","type":"image\/jpeg"}],"twitter_card":"summary_large_image","twitter_misc":{"Tempo di lettura stimato":"1 minuto"},"schema":{"@context":"https:\/\/schema.org","@graph":[{"@type":"WebPage","@id":"https:\/\/www.ortopediagrassini.com\/it\/prodotto\/plantare-silicone-diabetic-care\/","url":"https:\/\/www.ortopediagrassini.com\/it\/prodotto\/plantare-silicone-diabetic-care\/","name":"Plantare silicone Diabetic Care - Ortopedia Grassini","isPartOf":{"@id":"https:\/\/www.ortopediagrassini.com\/it\/#website"},"primaryImageOfPage":{"@id":"https:\/\/www.ortopediagrassini.com\/it\/prodotto\/plantare-silicone-diabetic-care\/#primaryimage"},"image":{"@id":"https:\/\/www.ortopediagrassini.com\/it\/prodotto\/plantare-silicone-diabetic-care\/#primaryimage"},"thumbnailUrl":"https:\/\/www.ortopediagrassini.com\/it\/wp-content\/uploads\/2016\/02\/9-plantari-silicone-orione.jpg","datePublished":"2016-02-25T16:41:23+00:00","dateModified":"2019-03-18T17:52:59+00:00","breadcrumb":{"@id":"https:\/\/www.ortopediagrassini.com\/it\/prodotto\/plantare-silicone-diabetic-care\/#breadcrumb"},"inLanguage":"it-IT","potentialAction":[{"@type":"ReadAction","target":["https:\/\/www.ortopediagrassini.com\/it\/prodotto\/plantare-silicone-diabetic-care\/"]}]},{"@type":"ImageObject","inLanguage":"it-IT","@id":"https:\/\/www.ortopediagrassini.com\/it\/prodotto\/plantare-silicone-diabetic-care\/#primaryimage","url":"https:\/\/www.ortopediagrassini.com\/it\/wp-content\/uploads\/2016\/02\/9-plantari-silicone-orione.jpg","contentUrl":"https:\/\/www.ortopediagrassini.com\/it\/wp-content\/uploads\/2016\/02\/9-plantari-silicone-orione.jpg","width":160,"height":160},{"@type":"BreadcrumbList","@id":"https:\/\/www.ortopediagrassini.com\/it\/prodotto\/plantare-silicone-diabetic-care\/#breadcrumb","itemListElement":[{"@type":"ListItem","position":1,"name":"Home","item":"https:\/\/www.ortopediagrassini.com\/it\/"},{"@type":"ListItem","position":2,"name":"Prodotti","item":"https:\/\/www.ortopediagrassini.com\/it\/negozio\/"},{"@type":"ListItem","position":3,"name":"Plantare silicone Diabetic Care"}]},{"@type":"WebSite","@id":"https:\/\/www.ortopediagrassini.com\/it\/#website","url":"https:\/\/www.ortopediagrassini.com\/it\/","name":"Ortopedia Grassini","description":"Ortopedia dal 1952","publisher":{"@id":"https:\/\/www.ortopediagrassini.com\/it\/#organization"},"potentialAction":[{"@type":"SearchAction","target":{"@type":"EntryPoint","urlTemplate":"https:\/\/www.ortopediagrassini.com\/it\/?s={search_term_string}"},"query-input":{"@type":"PropertyValueSpecification","valueRequired":true,"valueName":"search_term_string"}}],"inLanguage":"it-IT"},{"@type":"Organization","@id":"https:\/\/www.ortopediagrassini.com\/it\/#organization","name":"Ortopedia Grassini","url":"https:\/\/www.ortopediagrassini.com\/it\/","logo":{"@type":"ImageObject","inLanguage":"it-IT","@id":"https:\/\/www.ortopediagrassini.com\/it\/#\/schema\/logo\/image\/","url":"https:\/\/www.ortopediagrassini.com\/it\/wp-content\/uploads\/2015\/07\/Grassini-Logo-Cross-SHADOW.png","contentUrl":"https:\/\/www.ortopediagrassini.com\/it\/wp-content\/uploads\/2015\/07\/Grassini-Logo-Cross-SHADOW.png","width":300,"height":115,"caption":"Ortopedia Grassini"},"image":{"@id":"https:\/\/www.ortopediagrassini.com\/it\/#\/schema\/logo\/image\/"}}]}},"_links":{"self":[{"href":"https:\/\/www.ortopediagrassini.com\/it\/wp-json\/wp\/v2\/product\/1916","targetHints":{"allow":["GET"]}}],"collection":[{"href":"https:\/\/www.ortopediagrassini.com\/it\/wp-json\/wp\/v2\/product"}],"about":[{"href":"https:\/\/www.ortopediagrassini.com\/it\/wp-json\/wp\/v2\/types\/product"}],"wp:featuredmedia":[{"embeddable":true,"href":"https:\/\/www.ortopediagrassini.com\/it\/wp-json\/wp\/v2\/media\/1917"}],"wp:attachment":[{"href":"https:\/\/www.ortopediagrassini.com\/it\/wp-json\/wp\/v2\/media?parent=1916"}],"wp:term":[{"taxonomy":"product_brand","embeddable":true,"href":"https:\/\/www.ortopediagrassini.com\/it\/wp-json\/wp\/v2\/product_brand?post=1916"},{"taxonomy":"product_cat","embeddable":true,"href":"https:\/\/www.ortopediagrassini.com\/it\/wp-json\/wp\/v2\/product_cat?post=1916"},{"taxonomy":"product_tag","embeddable":true,"href":"https:\/\/www.ortopediagrassini.com\/it\/wp-json\/wp\/v2\/product_tag?post=1916"}],"curies":[{"name":"wp","href":"https:\/\/api.w.org\/{rel}","templated":true}]}}