{"id":2515,"date":"2016-03-12T10:25:15","date_gmt":"2016-03-12T09:25:15","guid":{"rendered":"https:\/\/www.ortopediagrassini.com\/it\/?post_type=product&#038;p=2515"},"modified":"2022-10-07T16:18:52","modified_gmt":"2022-10-07T14:18:52","slug":"cuscino-antidecubito-in-viscoelastico-con-base-anatomica-preformata","status":"publish","type":"product","link":"https:\/\/www.ortopediagrassini.com\/it\/prodotto\/cuscino-antidecubito-in-viscoelastico-con-base-anatomica-preformata\/","title":{"rendered":"Cuscino antidecubito in viscoelastico con base anatomica preformata"},"content":{"rendered":"<p>Cuscino antidecubito in viscoelastico costituito da una base anatomica preformata in schiuma di poliuretano a \u201clenta memoria\u201d, ideale per lo scarico ottimale delle pressioni di contatto. Le caratteristiche del materiale, insieme alla struttura anatomica, consentono infatti di adeguarsi al paziente; l\u2019altezza della base consente inoltre un ottimale affondamento delle prominenze ossee, riducendo i picchi pressori e quindi il rischio di lesioni da decubito. Il telo di copertura \u00e8 sfoderabile e presenta caratteristiche di antibattericit\u00e0, impermeabilit\u00e0 ai liquidi, traspiranza al vapore acqueo e bielasticit\u00e0. Quest\u2019ultima propriet\u00e0 consente di diminuire fortemente gli attriti superficiali tra cute e cuscino. La cover \u00e8 inoltre dotata di fondo antiscivolo per consentire un ancoraggio sicuro e stabile alla sedia. Disponibile anche nella versione con foro centrale.<\/p>\n","protected":false},"excerpt":{"rendered":"<p>Cuscino antidecubito in viscoelastico costituito da una base anatomica preformata  [&#8230;]<\/p>\n","protected":false},"featured_media":2516,"template":"","meta":[],"product_brand":[],"product_cat":[150,217],"product_tag":[299,785,629,803,796],"class_list":{"0":"post-2515","1":"product","2":"type-product","3":"status-publish","4":"has-post-thumbnail","6":"product_cat-antidecubito","7":"product_cat-cuscini-antidecubito","8":"product_tag-anatomico","9":"product_tag-antidecubito","10":"product_tag-cuscino","11":"product_tag-preformato","12":"product_tag-viscoelastico","14":"first","15":"instock","16":"shipping-taxable","17":"purchasable","18":"product-type-simple"},"yoast_head":"<!-- This site is optimized with the Yoast SEO plugin v27.4 - https:\/\/yoast.com\/product\/yoast-seo-wordpress\/ -->\n<title>Cuscino antidecubito in viscoelastico con base anatomica preformata - Ortopedia Grassini<\/title>\n<meta name=\"robots\" content=\"index, follow, max-snippet:-1, max-image-preview:large, max-video-preview:-1\" \/>\n<link rel=\"canonical\" href=\"https:\/\/www.ortopediagrassini.com\/it\/prodotto\/cuscino-antidecubito-in-viscoelastico-con-base-anatomica-preformata\/\" \/>\n<meta property=\"og:locale\" content=\"it_IT\" \/>\n<meta property=\"og:type\" content=\"article\" \/>\n<meta property=\"og:title\" content=\"Cuscino antidecubito in viscoelastico con base anatomica preformata - Ortopedia Grassini\" \/>\n<meta property=\"og:description\" content=\"Cuscino antidecubito in viscoelastico costituito da una base anatomica preformata [...]\" \/>\n<meta property=\"og:url\" content=\"https:\/\/www.ortopediagrassini.com\/it\/prodotto\/cuscino-antidecubito-in-viscoelastico-con-base-anatomica-preformata\/\" \/>\n<meta property=\"og:site_name\" content=\"Ortopedia Grassini\" \/>\n<meta property=\"article:modified_time\" content=\"2022-10-07T14:18:52+00:00\" \/>\n<meta property=\"og:image\" content=\"https:\/\/www.ortopediagrassini.com\/it\/wp-content\/uploads\/2016\/03\/5-PL3000-IN-POLIURETANO-SAGOMATO.png\" \/>\n\t<meta property=\"og:image:width\" content=\"300\" \/>\n\t<meta property=\"og:image:height\" content=\"300\" \/>\n\t<meta property=\"og:image:type\" content=\"image\/png\" \/>\n<meta name=\"twitter:card\" content=\"summary_large_image\" \/>\n<meta name=\"twitter:label1\" content=\"Tempo di lettura stimato\" \/>\n\t<meta name=\"twitter:data1\" content=\"1 minuto\" \/>\n<script type=\"application\/ld+json\" class=\"yoast-schema-graph\">{\"@context\":\"https:\\\/\\\/schema.org\",\"@graph\":[{\"@type\":\"WebPage\",\"@id\":\"https:\\\/\\\/www.ortopediagrassini.com\\\/it\\\/prodotto\\\/cuscino-antidecubito-in-viscoelastico-con-base-anatomica-preformata\\\/\",\"url\":\"https:\\\/\\\/www.ortopediagrassini.com\\\/it\\\/prodotto\\\/cuscino-antidecubito-in-viscoelastico-con-base-anatomica-preformata\\\/\",\"name\":\"Cuscino antidecubito in viscoelastico con base anatomica preformata - Ortopedia Grassini\",\"isPartOf\":{\"@id\":\"https:\\\/\\\/www.ortopediagrassini.com\\\/it\\\/#website\"},\"primaryImageOfPage\":{\"@id\":\"https:\\\/\\\/www.ortopediagrassini.com\\\/it\\\/prodotto\\\/cuscino-antidecubito-in-viscoelastico-con-base-anatomica-preformata\\\/#primaryimage\"},\"image\":{\"@id\":\"https:\\\/\\\/www.ortopediagrassini.com\\\/it\\\/prodotto\\\/cuscino-antidecubito-in-viscoelastico-con-base-anatomica-preformata\\\/#primaryimage\"},\"thumbnailUrl\":\"https:\\\/\\\/www.ortopediagrassini.com\\\/it\\\/wp-content\\\/uploads\\\/2016\\\/03\\\/5-PL3000-IN-POLIURETANO-SAGOMATO.png\",\"datePublished\":\"2016-03-12T09:25:15+00:00\",\"dateModified\":\"2022-10-07T14:18:52+00:00\",\"breadcrumb\":{\"@id\":\"https:\\\/\\\/www.ortopediagrassini.com\\\/it\\\/prodotto\\\/cuscino-antidecubito-in-viscoelastico-con-base-anatomica-preformata\\\/#breadcrumb\"},\"inLanguage\":\"it-IT\",\"potentialAction\":[{\"@type\":\"ReadAction\",\"target\":[\"https:\\\/\\\/www.ortopediagrassini.com\\\/it\\\/prodotto\\\/cuscino-antidecubito-in-viscoelastico-con-base-anatomica-preformata\\\/\"]}]},{\"@type\":\"ImageObject\",\"inLanguage\":\"it-IT\",\"@id\":\"https:\\\/\\\/www.ortopediagrassini.com\\\/it\\\/prodotto\\\/cuscino-antidecubito-in-viscoelastico-con-base-anatomica-preformata\\\/#primaryimage\",\"url\":\"https:\\\/\\\/www.ortopediagrassini.com\\\/it\\\/wp-content\\\/uploads\\\/2016\\\/03\\\/5-PL3000-IN-POLIURETANO-SAGOMATO.png\",\"contentUrl\":\"https:\\\/\\\/www.ortopediagrassini.com\\\/it\\\/wp-content\\\/uploads\\\/2016\\\/03\\\/5-PL3000-IN-POLIURETANO-SAGOMATO.png\",\"width\":300,\"height\":300},{\"@type\":\"BreadcrumbList\",\"@id\":\"https:\\\/\\\/www.ortopediagrassini.com\\\/it\\\/prodotto\\\/cuscino-antidecubito-in-viscoelastico-con-base-anatomica-preformata\\\/#breadcrumb\",\"itemListElement\":[{\"@type\":\"ListItem\",\"position\":1,\"name\":\"Home\",\"item\":\"https:\\\/\\\/www.ortopediagrassini.com\\\/it\\\/\"},{\"@type\":\"ListItem\",\"position\":2,\"name\":\"Prodotti\",\"item\":\"https:\\\/\\\/www.ortopediagrassini.com\\\/it\\\/negozio\\\/\"},{\"@type\":\"ListItem\",\"position\":3,\"name\":\"Cuscino antidecubito in viscoelastico con base anatomica preformata\"}]},{\"@type\":\"WebSite\",\"@id\":\"https:\\\/\\\/www.ortopediagrassini.com\\\/it\\\/#website\",\"url\":\"https:\\\/\\\/www.ortopediagrassini.com\\\/it\\\/\",\"name\":\"Ortopedia Grassini\",\"description\":\"Ortopedia dal 1952\",\"publisher\":{\"@id\":\"https:\\\/\\\/www.ortopediagrassini.com\\\/it\\\/#organization\"},\"potentialAction\":[{\"@type\":\"SearchAction\",\"target\":{\"@type\":\"EntryPoint\",\"urlTemplate\":\"https:\\\/\\\/www.ortopediagrassini.com\\\/it\\\/?s={search_term_string}\"},\"query-input\":{\"@type\":\"PropertyValueSpecification\",\"valueRequired\":true,\"valueName\":\"search_term_string\"}}],\"inLanguage\":\"it-IT\"},{\"@type\":\"Organization\",\"@id\":\"https:\\\/\\\/www.ortopediagrassini.com\\\/it\\\/#organization\",\"name\":\"Ortopedia Grassini\",\"url\":\"https:\\\/\\\/www.ortopediagrassini.com\\\/it\\\/\",\"logo\":{\"@type\":\"ImageObject\",\"inLanguage\":\"it-IT\",\"@id\":\"https:\\\/\\\/www.ortopediagrassini.com\\\/it\\\/#\\\/schema\\\/logo\\\/image\\\/\",\"url\":\"https:\\\/\\\/www.ortopediagrassini.com\\\/it\\\/wp-content\\\/uploads\\\/2015\\\/07\\\/Grassini-Logo-Cross-SHADOW.png\",\"contentUrl\":\"https:\\\/\\\/www.ortopediagrassini.com\\\/it\\\/wp-content\\\/uploads\\\/2015\\\/07\\\/Grassini-Logo-Cross-SHADOW.png\",\"width\":300,\"height\":115,\"caption\":\"Ortopedia Grassini\"},\"image\":{\"@id\":\"https:\\\/\\\/www.ortopediagrassini.com\\\/it\\\/#\\\/schema\\\/logo\\\/image\\\/\"}}]}<\/script>\n<!-- \/ Yoast SEO plugin. -->","yoast_head_json":{"title":"Cuscino antidecubito in viscoelastico con base anatomica preformata - Ortopedia Grassini","robots":{"index":"index","follow":"follow","max-snippet":"max-snippet:-1","max-image-preview":"max-image-preview:large","max-video-preview":"max-video-preview:-1"},"canonical":"https:\/\/www.ortopediagrassini.com\/it\/prodotto\/cuscino-antidecubito-in-viscoelastico-con-base-anatomica-preformata\/","og_locale":"it_IT","og_type":"article","og_title":"Cuscino antidecubito in viscoelastico con base anatomica preformata - Ortopedia Grassini","og_description":"Cuscino antidecubito in viscoelastico costituito da una base anatomica preformata [...]","og_url":"https:\/\/www.ortopediagrassini.com\/it\/prodotto\/cuscino-antidecubito-in-viscoelastico-con-base-anatomica-preformata\/","og_site_name":"Ortopedia Grassini","article_modified_time":"2022-10-07T14:18:52+00:00","og_image":[{"width":300,"height":300,"url":"https:\/\/www.ortopediagrassini.com\/it\/wp-content\/uploads\/2016\/03\/5-PL3000-IN-POLIURETANO-SAGOMATO.png","type":"image\/png"}],"twitter_card":"summary_large_image","twitter_misc":{"Tempo di lettura stimato":"1 minuto"},"schema":{"@context":"https:\/\/schema.org","@graph":[{"@type":"WebPage","@id":"https:\/\/www.ortopediagrassini.com\/it\/prodotto\/cuscino-antidecubito-in-viscoelastico-con-base-anatomica-preformata\/","url":"https:\/\/www.ortopediagrassini.com\/it\/prodotto\/cuscino-antidecubito-in-viscoelastico-con-base-anatomica-preformata\/","name":"Cuscino antidecubito in viscoelastico con base anatomica preformata - Ortopedia Grassini","isPartOf":{"@id":"https:\/\/www.ortopediagrassini.com\/it\/#website"},"primaryImageOfPage":{"@id":"https:\/\/www.ortopediagrassini.com\/it\/prodotto\/cuscino-antidecubito-in-viscoelastico-con-base-anatomica-preformata\/#primaryimage"},"image":{"@id":"https:\/\/www.ortopediagrassini.com\/it\/prodotto\/cuscino-antidecubito-in-viscoelastico-con-base-anatomica-preformata\/#primaryimage"},"thumbnailUrl":"https:\/\/www.ortopediagrassini.com\/it\/wp-content\/uploads\/2016\/03\/5-PL3000-IN-POLIURETANO-SAGOMATO.png","datePublished":"2016-03-12T09:25:15+00:00","dateModified":"2022-10-07T14:18:52+00:00","breadcrumb":{"@id":"https:\/\/www.ortopediagrassini.com\/it\/prodotto\/cuscino-antidecubito-in-viscoelastico-con-base-anatomica-preformata\/#breadcrumb"},"inLanguage":"it-IT","potentialAction":[{"@type":"ReadAction","target":["https:\/\/www.ortopediagrassini.com\/it\/prodotto\/cuscino-antidecubito-in-viscoelastico-con-base-anatomica-preformata\/"]}]},{"@type":"ImageObject","inLanguage":"it-IT","@id":"https:\/\/www.ortopediagrassini.com\/it\/prodotto\/cuscino-antidecubito-in-viscoelastico-con-base-anatomica-preformata\/#primaryimage","url":"https:\/\/www.ortopediagrassini.com\/it\/wp-content\/uploads\/2016\/03\/5-PL3000-IN-POLIURETANO-SAGOMATO.png","contentUrl":"https:\/\/www.ortopediagrassini.com\/it\/wp-content\/uploads\/2016\/03\/5-PL3000-IN-POLIURETANO-SAGOMATO.png","width":300,"height":300},{"@type":"BreadcrumbList","@id":"https:\/\/www.ortopediagrassini.com\/it\/prodotto\/cuscino-antidecubito-in-viscoelastico-con-base-anatomica-preformata\/#breadcrumb","itemListElement":[{"@type":"ListItem","position":1,"name":"Home","item":"https:\/\/www.ortopediagrassini.com\/it\/"},{"@type":"ListItem","position":2,"name":"Prodotti","item":"https:\/\/www.ortopediagrassini.com\/it\/negozio\/"},{"@type":"ListItem","position":3,"name":"Cuscino antidecubito in viscoelastico con base anatomica preformata"}]},{"@type":"WebSite","@id":"https:\/\/www.ortopediagrassini.com\/it\/#website","url":"https:\/\/www.ortopediagrassini.com\/it\/","name":"Ortopedia Grassini","description":"Ortopedia dal 1952","publisher":{"@id":"https:\/\/www.ortopediagrassini.com\/it\/#organization"},"potentialAction":[{"@type":"SearchAction","target":{"@type":"EntryPoint","urlTemplate":"https:\/\/www.ortopediagrassini.com\/it\/?s={search_term_string}"},"query-input":{"@type":"PropertyValueSpecification","valueRequired":true,"valueName":"search_term_string"}}],"inLanguage":"it-IT"},{"@type":"Organization","@id":"https:\/\/www.ortopediagrassini.com\/it\/#organization","name":"Ortopedia Grassini","url":"https:\/\/www.ortopediagrassini.com\/it\/","logo":{"@type":"ImageObject","inLanguage":"it-IT","@id":"https:\/\/www.ortopediagrassini.com\/it\/#\/schema\/logo\/image\/","url":"https:\/\/www.ortopediagrassini.com\/it\/wp-content\/uploads\/2015\/07\/Grassini-Logo-Cross-SHADOW.png","contentUrl":"https:\/\/www.ortopediagrassini.com\/it\/wp-content\/uploads\/2015\/07\/Grassini-Logo-Cross-SHADOW.png","width":300,"height":115,"caption":"Ortopedia Grassini"},"image":{"@id":"https:\/\/www.ortopediagrassini.com\/it\/#\/schema\/logo\/image\/"}}]}},"_links":{"self":[{"href":"https:\/\/www.ortopediagrassini.com\/it\/wp-json\/wp\/v2\/product\/2515","targetHints":{"allow":["GET"]}}],"collection":[{"href":"https:\/\/www.ortopediagrassini.com\/it\/wp-json\/wp\/v2\/product"}],"about":[{"href":"https:\/\/www.ortopediagrassini.com\/it\/wp-json\/wp\/v2\/types\/product"}],"wp:featuredmedia":[{"embeddable":true,"href":"https:\/\/www.ortopediagrassini.com\/it\/wp-json\/wp\/v2\/media\/2516"}],"wp:attachment":[{"href":"https:\/\/www.ortopediagrassini.com\/it\/wp-json\/wp\/v2\/media?parent=2515"}],"wp:term":[{"taxonomy":"product_brand","embeddable":true,"href":"https:\/\/www.ortopediagrassini.com\/it\/wp-json\/wp\/v2\/product_brand?post=2515"},{"taxonomy":"product_cat","embeddable":true,"href":"https:\/\/www.ortopediagrassini.com\/it\/wp-json\/wp\/v2\/product_cat?post=2515"},{"taxonomy":"product_tag","embeddable":true,"href":"https:\/\/www.ortopediagrassini.com\/it\/wp-json\/wp\/v2\/product_tag?post=2515"}],"curies":[{"name":"wp","href":"https:\/\/api.w.org\/{rel}","templated":true}]}}