{"id":2633,"date":"2016-03-14T18:17:28","date_gmt":"2016-03-14T17:17:28","guid":{"rendered":"https:\/\/www.ortopediagrassini.com\/it\/?post_type=product&#038;p=2633"},"modified":"2016-03-14T18:52:24","modified_gmt":"2016-03-14T17:52:24","slug":"autoreggente-curativo-juzo-soft","status":"publish","type":"product","link":"https:\/\/www.ortopediagrassini.com\/it\/prodotto\/autoreggente-curativo-juzo-soft\/","title":{"rendered":"Autoreggente Curativo Juzo Soft"},"content":{"rendered":"<p>Calza AG con bordo aderente in silicone con punta aperta &#8211; Versatilit\u00e0 extra-morbida<\/p>\n<p>Morbida, liscia e comoda da indossare \u2013 queste sono le sensazioni che Juzo Soft fornisce. Grazie alle sue eccezionali caratteristiche di vestibilit\u00e0 e morbidezza, questa calza terapeutica \u00e8 particolarmente facile da indossare e da togliere. La calza \u00e8 molto utilizzata per le patologie venose degli arti inferiori, nonch\u00e9 per la compressione durante i viaggi o lo sport. <\/p>\n<p>Caratteristiche<br \/>\n&#8211; Ultra morbide<br \/>\n&#8211; A maglia fine<br \/>\n&#8211; Resistenti e con ottima vestibilit\u00e0<br \/>\n&#8211; Facili da indossare e da togliere<br \/>\n&#8211; Senza cucitura, in punta aperta<\/p>\n<p>Indicazioni: Flebologia<br \/>\nColor: carne<br \/>\n1^ Classe di compressione<\/p>\n<p>Taglie:<br \/>\n           Circonferenza caviglia     Circonferenza polpaccio<br \/>\nII\/S            20 &#8211; 22   cm                  29 &#8211; 36 cm<br \/>\nIII\/M           22 &#8211; 24,5 cm                  31 &#8211; 40 cm<br \/>\nIV\/L            24,5 -27  cm                  34 &#8211; 43 cm<br \/>\nV\/XL            27 &#8211; 30   cm                  36 &#8211; 46 cm<br \/>\nVI\/XXL          30 &#8211; 33   cm                  39 &#8211; 48 cm<\/p>\n","protected":false},"excerpt":{"rendered":"<p>Calza AG con bordo aderente in silicone con punta aperta  [&#8230;]<\/p>\n","protected":false},"featured_media":2634,"template":"","meta":[],"product_brand":[],"product_cat":[226,152],"product_tag":[876,884,885],"class_list":{"0":"post-2633","1":"product","2":"type-product","3":"status-publish","4":"has-post-thumbnail","6":"product_cat-calze","7":"product_cat-calzeelastiche","8":"product_tag-autoreggente","9":"product_tag-calza-curativa","10":"product_tag-terapeutica","12":"first","13":"instock","14":"shipping-taxable","15":"purchasable","16":"product-type-variable"},"yoast_head":"<!-- This site is optimized with the Yoast SEO plugin v27.4 - https:\/\/yoast.com\/product\/yoast-seo-wordpress\/ -->\n<title>Autoreggente Curativo Juzo Soft - Ortopedia Grassini<\/title>\n<meta name=\"robots\" content=\"index, follow, max-snippet:-1, max-image-preview:large, max-video-preview:-1\" \/>\n<link rel=\"canonical\" href=\"https:\/\/www.ortopediagrassini.com\/it\/prodotto\/autoreggente-curativo-juzo-soft\/\" \/>\n<meta property=\"og:locale\" content=\"it_IT\" \/>\n<meta property=\"og:type\" content=\"article\" \/>\n<meta property=\"og:title\" content=\"Autoreggente Curativo Juzo Soft - Ortopedia Grassini\" \/>\n<meta property=\"og:description\" content=\"Calza AG con bordo aderente in silicone con punta aperta [...]\" \/>\n<meta property=\"og:url\" content=\"https:\/\/www.ortopediagrassini.com\/it\/prodotto\/autoreggente-curativo-juzo-soft\/\" \/>\n<meta property=\"og:site_name\" content=\"Ortopedia Grassini\" \/>\n<meta property=\"article:modified_time\" content=\"2016-03-14T17:52:24+00:00\" \/>\n<meta property=\"og:image\" content=\"https:\/\/www.ortopediagrassini.com\/it\/wp-content\/uploads\/2016\/03\/autoreggente-juzo.jpg\" \/>\n\t<meta property=\"og:image:width\" content=\"147\" \/>\n\t<meta property=\"og:image:height\" content=\"227\" \/>\n\t<meta property=\"og:image:type\" content=\"image\/jpeg\" \/>\n<meta name=\"twitter:card\" content=\"summary_large_image\" \/>\n<meta name=\"twitter:label1\" content=\"Tempo di lettura stimato\" \/>\n\t<meta name=\"twitter:data1\" content=\"1 minuto\" \/>\n<script type=\"application\/ld+json\" class=\"yoast-schema-graph\">{\"@context\":\"https:\\\/\\\/schema.org\",\"@graph\":[{\"@type\":\"WebPage\",\"@id\":\"https:\\\/\\\/www.ortopediagrassini.com\\\/it\\\/prodotto\\\/autoreggente-curativo-juzo-soft\\\/\",\"url\":\"https:\\\/\\\/www.ortopediagrassini.com\\\/it\\\/prodotto\\\/autoreggente-curativo-juzo-soft\\\/\",\"name\":\"Autoreggente Curativo Juzo Soft - Ortopedia Grassini\",\"isPartOf\":{\"@id\":\"https:\\\/\\\/www.ortopediagrassini.com\\\/it\\\/#website\"},\"primaryImageOfPage\":{\"@id\":\"https:\\\/\\\/www.ortopediagrassini.com\\\/it\\\/prodotto\\\/autoreggente-curativo-juzo-soft\\\/#primaryimage\"},\"image\":{\"@id\":\"https:\\\/\\\/www.ortopediagrassini.com\\\/it\\\/prodotto\\\/autoreggente-curativo-juzo-soft\\\/#primaryimage\"},\"thumbnailUrl\":\"https:\\\/\\\/www.ortopediagrassini.com\\\/it\\\/wp-content\\\/uploads\\\/2016\\\/03\\\/autoreggente-juzo.jpg\",\"datePublished\":\"2016-03-14T17:17:28+00:00\",\"dateModified\":\"2016-03-14T17:52:24+00:00\",\"breadcrumb\":{\"@id\":\"https:\\\/\\\/www.ortopediagrassini.com\\\/it\\\/prodotto\\\/autoreggente-curativo-juzo-soft\\\/#breadcrumb\"},\"inLanguage\":\"it-IT\",\"potentialAction\":[{\"@type\":\"ReadAction\",\"target\":[\"https:\\\/\\\/www.ortopediagrassini.com\\\/it\\\/prodotto\\\/autoreggente-curativo-juzo-soft\\\/\"]}]},{\"@type\":\"ImageObject\",\"inLanguage\":\"it-IT\",\"@id\":\"https:\\\/\\\/www.ortopediagrassini.com\\\/it\\\/prodotto\\\/autoreggente-curativo-juzo-soft\\\/#primaryimage\",\"url\":\"https:\\\/\\\/www.ortopediagrassini.com\\\/it\\\/wp-content\\\/uploads\\\/2016\\\/03\\\/autoreggente-juzo.jpg\",\"contentUrl\":\"https:\\\/\\\/www.ortopediagrassini.com\\\/it\\\/wp-content\\\/uploads\\\/2016\\\/03\\\/autoreggente-juzo.jpg\",\"width\":147,\"height\":227},{\"@type\":\"BreadcrumbList\",\"@id\":\"https:\\\/\\\/www.ortopediagrassini.com\\\/it\\\/prodotto\\\/autoreggente-curativo-juzo-soft\\\/#breadcrumb\",\"itemListElement\":[{\"@type\":\"ListItem\",\"position\":1,\"name\":\"Home\",\"item\":\"https:\\\/\\\/www.ortopediagrassini.com\\\/it\\\/\"},{\"@type\":\"ListItem\",\"position\":2,\"name\":\"Prodotti\",\"item\":\"https:\\\/\\\/www.ortopediagrassini.com\\\/it\\\/negozio\\\/\"},{\"@type\":\"ListItem\",\"position\":3,\"name\":\"Autoreggente Curativo Juzo Soft\"}]},{\"@type\":\"WebSite\",\"@id\":\"https:\\\/\\\/www.ortopediagrassini.com\\\/it\\\/#website\",\"url\":\"https:\\\/\\\/www.ortopediagrassini.com\\\/it\\\/\",\"name\":\"Ortopedia Grassini\",\"description\":\"Ortopedia dal 1952\",\"publisher\":{\"@id\":\"https:\\\/\\\/www.ortopediagrassini.com\\\/it\\\/#organization\"},\"potentialAction\":[{\"@type\":\"SearchAction\",\"target\":{\"@type\":\"EntryPoint\",\"urlTemplate\":\"https:\\\/\\\/www.ortopediagrassini.com\\\/it\\\/?s={search_term_string}\"},\"query-input\":{\"@type\":\"PropertyValueSpecification\",\"valueRequired\":true,\"valueName\":\"search_term_string\"}}],\"inLanguage\":\"it-IT\"},{\"@type\":\"Organization\",\"@id\":\"https:\\\/\\\/www.ortopediagrassini.com\\\/it\\\/#organization\",\"name\":\"Ortopedia Grassini\",\"url\":\"https:\\\/\\\/www.ortopediagrassini.com\\\/it\\\/\",\"logo\":{\"@type\":\"ImageObject\",\"inLanguage\":\"it-IT\",\"@id\":\"https:\\\/\\\/www.ortopediagrassini.com\\\/it\\\/#\\\/schema\\\/logo\\\/image\\\/\",\"url\":\"https:\\\/\\\/www.ortopediagrassini.com\\\/it\\\/wp-content\\\/uploads\\\/2015\\\/07\\\/Grassini-Logo-Cross-SHADOW.png\",\"contentUrl\":\"https:\\\/\\\/www.ortopediagrassini.com\\\/it\\\/wp-content\\\/uploads\\\/2015\\\/07\\\/Grassini-Logo-Cross-SHADOW.png\",\"width\":300,\"height\":115,\"caption\":\"Ortopedia Grassini\"},\"image\":{\"@id\":\"https:\\\/\\\/www.ortopediagrassini.com\\\/it\\\/#\\\/schema\\\/logo\\\/image\\\/\"}}]}<\/script>\n<!-- \/ Yoast SEO plugin. -->","yoast_head_json":{"title":"Autoreggente Curativo Juzo Soft - Ortopedia Grassini","robots":{"index":"index","follow":"follow","max-snippet":"max-snippet:-1","max-image-preview":"max-image-preview:large","max-video-preview":"max-video-preview:-1"},"canonical":"https:\/\/www.ortopediagrassini.com\/it\/prodotto\/autoreggente-curativo-juzo-soft\/","og_locale":"it_IT","og_type":"article","og_title":"Autoreggente Curativo Juzo Soft - Ortopedia Grassini","og_description":"Calza AG con bordo aderente in silicone con punta aperta [...]","og_url":"https:\/\/www.ortopediagrassini.com\/it\/prodotto\/autoreggente-curativo-juzo-soft\/","og_site_name":"Ortopedia Grassini","article_modified_time":"2016-03-14T17:52:24+00:00","og_image":[{"width":147,"height":227,"url":"https:\/\/www.ortopediagrassini.com\/it\/wp-content\/uploads\/2016\/03\/autoreggente-juzo.jpg","type":"image\/jpeg"}],"twitter_card":"summary_large_image","twitter_misc":{"Tempo di lettura stimato":"1 minuto"},"schema":{"@context":"https:\/\/schema.org","@graph":[{"@type":"WebPage","@id":"https:\/\/www.ortopediagrassini.com\/it\/prodotto\/autoreggente-curativo-juzo-soft\/","url":"https:\/\/www.ortopediagrassini.com\/it\/prodotto\/autoreggente-curativo-juzo-soft\/","name":"Autoreggente Curativo Juzo Soft - Ortopedia Grassini","isPartOf":{"@id":"https:\/\/www.ortopediagrassini.com\/it\/#website"},"primaryImageOfPage":{"@id":"https:\/\/www.ortopediagrassini.com\/it\/prodotto\/autoreggente-curativo-juzo-soft\/#primaryimage"},"image":{"@id":"https:\/\/www.ortopediagrassini.com\/it\/prodotto\/autoreggente-curativo-juzo-soft\/#primaryimage"},"thumbnailUrl":"https:\/\/www.ortopediagrassini.com\/it\/wp-content\/uploads\/2016\/03\/autoreggente-juzo.jpg","datePublished":"2016-03-14T17:17:28+00:00","dateModified":"2016-03-14T17:52:24+00:00","breadcrumb":{"@id":"https:\/\/www.ortopediagrassini.com\/it\/prodotto\/autoreggente-curativo-juzo-soft\/#breadcrumb"},"inLanguage":"it-IT","potentialAction":[{"@type":"ReadAction","target":["https:\/\/www.ortopediagrassini.com\/it\/prodotto\/autoreggente-curativo-juzo-soft\/"]}]},{"@type":"ImageObject","inLanguage":"it-IT","@id":"https:\/\/www.ortopediagrassini.com\/it\/prodotto\/autoreggente-curativo-juzo-soft\/#primaryimage","url":"https:\/\/www.ortopediagrassini.com\/it\/wp-content\/uploads\/2016\/03\/autoreggente-juzo.jpg","contentUrl":"https:\/\/www.ortopediagrassini.com\/it\/wp-content\/uploads\/2016\/03\/autoreggente-juzo.jpg","width":147,"height":227},{"@type":"BreadcrumbList","@id":"https:\/\/www.ortopediagrassini.com\/it\/prodotto\/autoreggente-curativo-juzo-soft\/#breadcrumb","itemListElement":[{"@type":"ListItem","position":1,"name":"Home","item":"https:\/\/www.ortopediagrassini.com\/it\/"},{"@type":"ListItem","position":2,"name":"Prodotti","item":"https:\/\/www.ortopediagrassini.com\/it\/negozio\/"},{"@type":"ListItem","position":3,"name":"Autoreggente Curativo Juzo Soft"}]},{"@type":"WebSite","@id":"https:\/\/www.ortopediagrassini.com\/it\/#website","url":"https:\/\/www.ortopediagrassini.com\/it\/","name":"Ortopedia Grassini","description":"Ortopedia dal 1952","publisher":{"@id":"https:\/\/www.ortopediagrassini.com\/it\/#organization"},"potentialAction":[{"@type":"SearchAction","target":{"@type":"EntryPoint","urlTemplate":"https:\/\/www.ortopediagrassini.com\/it\/?s={search_term_string}"},"query-input":{"@type":"PropertyValueSpecification","valueRequired":true,"valueName":"search_term_string"}}],"inLanguage":"it-IT"},{"@type":"Organization","@id":"https:\/\/www.ortopediagrassini.com\/it\/#organization","name":"Ortopedia Grassini","url":"https:\/\/www.ortopediagrassini.com\/it\/","logo":{"@type":"ImageObject","inLanguage":"it-IT","@id":"https:\/\/www.ortopediagrassini.com\/it\/#\/schema\/logo\/image\/","url":"https:\/\/www.ortopediagrassini.com\/it\/wp-content\/uploads\/2015\/07\/Grassini-Logo-Cross-SHADOW.png","contentUrl":"https:\/\/www.ortopediagrassini.com\/it\/wp-content\/uploads\/2015\/07\/Grassini-Logo-Cross-SHADOW.png","width":300,"height":115,"caption":"Ortopedia Grassini"},"image":{"@id":"https:\/\/www.ortopediagrassini.com\/it\/#\/schema\/logo\/image\/"}}]}},"_links":{"self":[{"href":"https:\/\/www.ortopediagrassini.com\/it\/wp-json\/wp\/v2\/product\/2633","targetHints":{"allow":["GET"]}}],"collection":[{"href":"https:\/\/www.ortopediagrassini.com\/it\/wp-json\/wp\/v2\/product"}],"about":[{"href":"https:\/\/www.ortopediagrassini.com\/it\/wp-json\/wp\/v2\/types\/product"}],"wp:featuredmedia":[{"embeddable":true,"href":"https:\/\/www.ortopediagrassini.com\/it\/wp-json\/wp\/v2\/media\/2634"}],"wp:attachment":[{"href":"https:\/\/www.ortopediagrassini.com\/it\/wp-json\/wp\/v2\/media?parent=2633"}],"wp:term":[{"taxonomy":"product_brand","embeddable":true,"href":"https:\/\/www.ortopediagrassini.com\/it\/wp-json\/wp\/v2\/product_brand?post=2633"},{"taxonomy":"product_cat","embeddable":true,"href":"https:\/\/www.ortopediagrassini.com\/it\/wp-json\/wp\/v2\/product_cat?post=2633"},{"taxonomy":"product_tag","embeddable":true,"href":"https:\/\/www.ortopediagrassini.com\/it\/wp-json\/wp\/v2\/product_tag?post=2633"}],"curies":[{"name":"wp","href":"https:\/\/api.w.org\/{rel}","templated":true}]}}