{"id":2677,"date":"2016-03-16T18:11:06","date_gmt":"2016-03-16T17:11:06","guid":{"rendered":"https:\/\/www.ortopediagrassini.com\/it\/?post_type=product&#038;p=2677"},"modified":"2023-06-16T18:08:04","modified_gmt":"2023-06-16T16:08:04","slug":"calza-collant-gloria","status":"publish","type":"product","link":"https:\/\/www.ortopediagrassini.com\/it\/prodotto\/calza-collant-gloria\/","title":{"rendered":"Collant Gloria"},"content":{"rendered":"<p>Il filato di questo prodotto 70 DEN \u00e8 caratterizzato da grande vestibilit\u00e0 e comfort, perfetta aderenza e totale libert\u00e0 di movimento. Una serie a compressione media, nelle tonalit\u00e0 preferite dal pubblico femminile, che unisce funzionalit\u00e0 e benessere senza rinunciare a un tocco d\u2019eleganza.<br \/>\nLa serie collant 140 DEN \u00e8 ad elevata azione preventiva contro il gonfiore e l\u2019affaticamento delle gambe. Tecnologia e filati innovativi entrano in azione per creare prodotti \u201cdecisi\u201d ma morbidi, funzionali ma con un appeal seduttivo che ogni donna desidera per le proprie gambe. Anche in questa serie, benessere e sensualit\u00e0 da indossare, con grande praticit\u00e0, in ogni situazione.<br \/>\nCaratteristiche:<br \/>\n&#8211; Corpino riducente, tallone rinforzato, punta comfort<br \/>\n&#8211; Compressione media (12-15 mmHg) o Compressione forte (18-20 mmHg)<br \/>\n&#8211; Maglia rete.<br \/>\n&#8211; Taglie disponibili anche calibrate (tassello in vita per una mutanda pi\u00f9 confortevole).<\/p>\n<p>Colori: Playa, Visone, Nero, Ardesia<\/p>\n<p>Taglia (vedi immagine):<br \/>\n1^ &#8211; 2^ &#8211; 3^ &#8211; 4^ &#8211; 5^<\/p>\n","protected":false},"excerpt":{"rendered":"<p>Il filato di questo prodotto 70 DEN \u00e8 caratterizzato da  [&#8230;]<\/p>\n","protected":false},"featured_media":2678,"template":"","meta":[],"product_brand":[],"product_cat":[226,152],"product_tag":[891,890,888,889,892,894,893,1243,1246,1244],"class_list":{"0":"post-2677","1":"product","2":"type-product","3":"status-publish","4":"has-post-thumbnail","6":"product_cat-calze","7":"product_cat-calzeelastiche","8":"product_tag-140-den","9":"product_tag-70-den","10":"product_tag-calza-elastica","11":"product_tag-calza-preventiva","12":"product_tag-collant","13":"product_tag-collant-calibrato","14":"product_tag-collant-classico","15":"product_tag-flebite","16":"product_tag-gonfiore-gambe","17":"product_tag-vene","19":"first","20":"instock","21":"shipping-taxable","22":"purchasable","23":"product-type-variable"},"yoast_head":"<!-- This site is optimized with the Yoast SEO plugin v27.4 - https:\/\/yoast.com\/product\/yoast-seo-wordpress\/ -->\n<title>Collant Gloria - Ortopedia Grassini<\/title>\n<meta name=\"robots\" content=\"index, follow, max-snippet:-1, max-image-preview:large, max-video-preview:-1\" \/>\n<link rel=\"canonical\" href=\"https:\/\/www.ortopediagrassini.com\/it\/prodotto\/calza-collant-gloria\/\" \/>\n<meta property=\"og:locale\" content=\"it_IT\" \/>\n<meta property=\"og:type\" content=\"article\" \/>\n<meta property=\"og:title\" content=\"Collant Gloria - Ortopedia Grassini\" \/>\n<meta property=\"og:description\" content=\"Il filato di questo prodotto 70 DEN \u00e8 caratterizzato da [...]\" \/>\n<meta property=\"og:url\" content=\"https:\/\/www.ortopediagrassini.com\/it\/prodotto\/calza-collant-gloria\/\" \/>\n<meta property=\"og:site_name\" content=\"Ortopedia Grassini\" \/>\n<meta property=\"article:modified_time\" content=\"2023-06-16T16:08:04+00:00\" \/>\n<meta property=\"og:image\" content=\"https:\/\/www.ortopediagrassini.com\/it\/wp-content\/uploads\/2016\/03\/collant-modasana-70.jpg\" \/>\n\t<meta property=\"og:image:width\" content=\"350\" \/>\n\t<meta property=\"og:image:height\" content=\"505\" \/>\n\t<meta property=\"og:image:type\" content=\"image\/jpeg\" \/>\n<meta name=\"twitter:card\" content=\"summary_large_image\" \/>\n<meta name=\"twitter:label1\" content=\"Tempo di lettura stimato\" \/>\n\t<meta name=\"twitter:data1\" content=\"1 minuto\" \/>\n<script type=\"application\/ld+json\" class=\"yoast-schema-graph\">{\"@context\":\"https:\\\/\\\/schema.org\",\"@graph\":[{\"@type\":\"WebPage\",\"@id\":\"https:\\\/\\\/www.ortopediagrassini.com\\\/it\\\/prodotto\\\/calza-collant-gloria\\\/\",\"url\":\"https:\\\/\\\/www.ortopediagrassini.com\\\/it\\\/prodotto\\\/calza-collant-gloria\\\/\",\"name\":\"Collant Gloria - Ortopedia Grassini\",\"isPartOf\":{\"@id\":\"https:\\\/\\\/www.ortopediagrassini.com\\\/it\\\/#website\"},\"primaryImageOfPage\":{\"@id\":\"https:\\\/\\\/www.ortopediagrassini.com\\\/it\\\/prodotto\\\/calza-collant-gloria\\\/#primaryimage\"},\"image\":{\"@id\":\"https:\\\/\\\/www.ortopediagrassini.com\\\/it\\\/prodotto\\\/calza-collant-gloria\\\/#primaryimage\"},\"thumbnailUrl\":\"https:\\\/\\\/www.ortopediagrassini.com\\\/it\\\/wp-content\\\/uploads\\\/2016\\\/03\\\/collant-modasana-70.jpg\",\"datePublished\":\"2016-03-16T17:11:06+00:00\",\"dateModified\":\"2023-06-16T16:08:04+00:00\",\"breadcrumb\":{\"@id\":\"https:\\\/\\\/www.ortopediagrassini.com\\\/it\\\/prodotto\\\/calza-collant-gloria\\\/#breadcrumb\"},\"inLanguage\":\"it-IT\",\"potentialAction\":[{\"@type\":\"ReadAction\",\"target\":[\"https:\\\/\\\/www.ortopediagrassini.com\\\/it\\\/prodotto\\\/calza-collant-gloria\\\/\"]}]},{\"@type\":\"ImageObject\",\"inLanguage\":\"it-IT\",\"@id\":\"https:\\\/\\\/www.ortopediagrassini.com\\\/it\\\/prodotto\\\/calza-collant-gloria\\\/#primaryimage\",\"url\":\"https:\\\/\\\/www.ortopediagrassini.com\\\/it\\\/wp-content\\\/uploads\\\/2016\\\/03\\\/collant-modasana-70.jpg\",\"contentUrl\":\"https:\\\/\\\/www.ortopediagrassini.com\\\/it\\\/wp-content\\\/uploads\\\/2016\\\/03\\\/collant-modasana-70.jpg\",\"width\":350,\"height\":505},{\"@type\":\"BreadcrumbList\",\"@id\":\"https:\\\/\\\/www.ortopediagrassini.com\\\/it\\\/prodotto\\\/calza-collant-gloria\\\/#breadcrumb\",\"itemListElement\":[{\"@type\":\"ListItem\",\"position\":1,\"name\":\"Home\",\"item\":\"https:\\\/\\\/www.ortopediagrassini.com\\\/it\\\/\"},{\"@type\":\"ListItem\",\"position\":2,\"name\":\"Prodotti\",\"item\":\"https:\\\/\\\/www.ortopediagrassini.com\\\/it\\\/negozio\\\/\"},{\"@type\":\"ListItem\",\"position\":3,\"name\":\"Collant Gloria\"}]},{\"@type\":\"WebSite\",\"@id\":\"https:\\\/\\\/www.ortopediagrassini.com\\\/it\\\/#website\",\"url\":\"https:\\\/\\\/www.ortopediagrassini.com\\\/it\\\/\",\"name\":\"Ortopedia Grassini\",\"description\":\"Ortopedia dal 1952\",\"publisher\":{\"@id\":\"https:\\\/\\\/www.ortopediagrassini.com\\\/it\\\/#organization\"},\"potentialAction\":[{\"@type\":\"SearchAction\",\"target\":{\"@type\":\"EntryPoint\",\"urlTemplate\":\"https:\\\/\\\/www.ortopediagrassini.com\\\/it\\\/?s={search_term_string}\"},\"query-input\":{\"@type\":\"PropertyValueSpecification\",\"valueRequired\":true,\"valueName\":\"search_term_string\"}}],\"inLanguage\":\"it-IT\"},{\"@type\":\"Organization\",\"@id\":\"https:\\\/\\\/www.ortopediagrassini.com\\\/it\\\/#organization\",\"name\":\"Ortopedia Grassini\",\"url\":\"https:\\\/\\\/www.ortopediagrassini.com\\\/it\\\/\",\"logo\":{\"@type\":\"ImageObject\",\"inLanguage\":\"it-IT\",\"@id\":\"https:\\\/\\\/www.ortopediagrassini.com\\\/it\\\/#\\\/schema\\\/logo\\\/image\\\/\",\"url\":\"https:\\\/\\\/www.ortopediagrassini.com\\\/it\\\/wp-content\\\/uploads\\\/2015\\\/07\\\/Grassini-Logo-Cross-SHADOW.png\",\"contentUrl\":\"https:\\\/\\\/www.ortopediagrassini.com\\\/it\\\/wp-content\\\/uploads\\\/2015\\\/07\\\/Grassini-Logo-Cross-SHADOW.png\",\"width\":300,\"height\":115,\"caption\":\"Ortopedia Grassini\"},\"image\":{\"@id\":\"https:\\\/\\\/www.ortopediagrassini.com\\\/it\\\/#\\\/schema\\\/logo\\\/image\\\/\"}}]}<\/script>\n<!-- \/ Yoast SEO plugin. -->","yoast_head_json":{"title":"Collant Gloria - Ortopedia Grassini","robots":{"index":"index","follow":"follow","max-snippet":"max-snippet:-1","max-image-preview":"max-image-preview:large","max-video-preview":"max-video-preview:-1"},"canonical":"https:\/\/www.ortopediagrassini.com\/it\/prodotto\/calza-collant-gloria\/","og_locale":"it_IT","og_type":"article","og_title":"Collant Gloria - Ortopedia Grassini","og_description":"Il filato di questo prodotto 70 DEN \u00e8 caratterizzato da [...]","og_url":"https:\/\/www.ortopediagrassini.com\/it\/prodotto\/calza-collant-gloria\/","og_site_name":"Ortopedia Grassini","article_modified_time":"2023-06-16T16:08:04+00:00","og_image":[{"width":350,"height":505,"url":"https:\/\/www.ortopediagrassini.com\/it\/wp-content\/uploads\/2016\/03\/collant-modasana-70.jpg","type":"image\/jpeg"}],"twitter_card":"summary_large_image","twitter_misc":{"Tempo di lettura stimato":"1 minuto"},"schema":{"@context":"https:\/\/schema.org","@graph":[{"@type":"WebPage","@id":"https:\/\/www.ortopediagrassini.com\/it\/prodotto\/calza-collant-gloria\/","url":"https:\/\/www.ortopediagrassini.com\/it\/prodotto\/calza-collant-gloria\/","name":"Collant Gloria - Ortopedia Grassini","isPartOf":{"@id":"https:\/\/www.ortopediagrassini.com\/it\/#website"},"primaryImageOfPage":{"@id":"https:\/\/www.ortopediagrassini.com\/it\/prodotto\/calza-collant-gloria\/#primaryimage"},"image":{"@id":"https:\/\/www.ortopediagrassini.com\/it\/prodotto\/calza-collant-gloria\/#primaryimage"},"thumbnailUrl":"https:\/\/www.ortopediagrassini.com\/it\/wp-content\/uploads\/2016\/03\/collant-modasana-70.jpg","datePublished":"2016-03-16T17:11:06+00:00","dateModified":"2023-06-16T16:08:04+00:00","breadcrumb":{"@id":"https:\/\/www.ortopediagrassini.com\/it\/prodotto\/calza-collant-gloria\/#breadcrumb"},"inLanguage":"it-IT","potentialAction":[{"@type":"ReadAction","target":["https:\/\/www.ortopediagrassini.com\/it\/prodotto\/calza-collant-gloria\/"]}]},{"@type":"ImageObject","inLanguage":"it-IT","@id":"https:\/\/www.ortopediagrassini.com\/it\/prodotto\/calza-collant-gloria\/#primaryimage","url":"https:\/\/www.ortopediagrassini.com\/it\/wp-content\/uploads\/2016\/03\/collant-modasana-70.jpg","contentUrl":"https:\/\/www.ortopediagrassini.com\/it\/wp-content\/uploads\/2016\/03\/collant-modasana-70.jpg","width":350,"height":505},{"@type":"BreadcrumbList","@id":"https:\/\/www.ortopediagrassini.com\/it\/prodotto\/calza-collant-gloria\/#breadcrumb","itemListElement":[{"@type":"ListItem","position":1,"name":"Home","item":"https:\/\/www.ortopediagrassini.com\/it\/"},{"@type":"ListItem","position":2,"name":"Prodotti","item":"https:\/\/www.ortopediagrassini.com\/it\/negozio\/"},{"@type":"ListItem","position":3,"name":"Collant Gloria"}]},{"@type":"WebSite","@id":"https:\/\/www.ortopediagrassini.com\/it\/#website","url":"https:\/\/www.ortopediagrassini.com\/it\/","name":"Ortopedia Grassini","description":"Ortopedia dal 1952","publisher":{"@id":"https:\/\/www.ortopediagrassini.com\/it\/#organization"},"potentialAction":[{"@type":"SearchAction","target":{"@type":"EntryPoint","urlTemplate":"https:\/\/www.ortopediagrassini.com\/it\/?s={search_term_string}"},"query-input":{"@type":"PropertyValueSpecification","valueRequired":true,"valueName":"search_term_string"}}],"inLanguage":"it-IT"},{"@type":"Organization","@id":"https:\/\/www.ortopediagrassini.com\/it\/#organization","name":"Ortopedia Grassini","url":"https:\/\/www.ortopediagrassini.com\/it\/","logo":{"@type":"ImageObject","inLanguage":"it-IT","@id":"https:\/\/www.ortopediagrassini.com\/it\/#\/schema\/logo\/image\/","url":"https:\/\/www.ortopediagrassini.com\/it\/wp-content\/uploads\/2015\/07\/Grassini-Logo-Cross-SHADOW.png","contentUrl":"https:\/\/www.ortopediagrassini.com\/it\/wp-content\/uploads\/2015\/07\/Grassini-Logo-Cross-SHADOW.png","width":300,"height":115,"caption":"Ortopedia Grassini"},"image":{"@id":"https:\/\/www.ortopediagrassini.com\/it\/#\/schema\/logo\/image\/"}}]}},"_links":{"self":[{"href":"https:\/\/www.ortopediagrassini.com\/it\/wp-json\/wp\/v2\/product\/2677","targetHints":{"allow":["GET"]}}],"collection":[{"href":"https:\/\/www.ortopediagrassini.com\/it\/wp-json\/wp\/v2\/product"}],"about":[{"href":"https:\/\/www.ortopediagrassini.com\/it\/wp-json\/wp\/v2\/types\/product"}],"wp:featuredmedia":[{"embeddable":true,"href":"https:\/\/www.ortopediagrassini.com\/it\/wp-json\/wp\/v2\/media\/2678"}],"wp:attachment":[{"href":"https:\/\/www.ortopediagrassini.com\/it\/wp-json\/wp\/v2\/media?parent=2677"}],"wp:term":[{"taxonomy":"product_brand","embeddable":true,"href":"https:\/\/www.ortopediagrassini.com\/it\/wp-json\/wp\/v2\/product_brand?post=2677"},{"taxonomy":"product_cat","embeddable":true,"href":"https:\/\/www.ortopediagrassini.com\/it\/wp-json\/wp\/v2\/product_cat?post=2677"},{"taxonomy":"product_tag","embeddable":true,"href":"https:\/\/www.ortopediagrassini.com\/it\/wp-json\/wp\/v2\/product_tag?post=2677"}],"curies":[{"name":"wp","href":"https:\/\/api.w.org\/{rel}","templated":true}]}}