{"id":3099,"date":"2016-03-18T18:48:38","date_gmt":"2016-03-18T17:48:38","guid":{"rendered":"https:\/\/www.ortopediagrassini.com\/it\/?post_type=product&#038;p=3099"},"modified":"2016-03-18T18:48:38","modified_gmt":"2016-03-18T17:48:38","slug":"benda-biestensiva-compressione-forte","status":"publish","type":"product","link":"https:\/\/www.ortopediagrassini.com\/it\/prodotto\/benda-biestensiva-compressione-forte\/","title":{"rendered":"Benda Biestensiva compressione forte"},"content":{"rendered":"<p>La benda Biestensiva Orione garantisce un perfetto bendaggio, adattabile alle diverse esigenze del medico e del paziente; inoltre,  grazie al particolare tipo di tessitura \u00e8 estremamente traspirante. La benda biestensiva, con una compressione forte, \u00e8 dotata di due gancetti per fissare il bendaggio. Ogni rotolo \u00e8 sigillato ermeticamente in un involucro trasparente.<\/p>\n<p>Caratteristiche:<br \/>\n&#8211; Traspirabilit\u00e0.<br \/>\n&#8211; Non scivolano.<br \/>\n&#8211; Mantengono le loro caratteristiche dopo ripetuti lavaggi e sterilizzazioni.<br \/>\n&#8211; Non risentono dei contatti con liquidi organici, pomate, unguenti e detersivi.<\/p>\n<p>Indicazioni:<br \/>\n&#8211; Tutte le esigenze di fasciatura.<br \/>\n&#8211; Lussazioni.<br \/>\n&#8211; Strappi.<br \/>\n&#8211; Stiramenti.<br \/>\n&#8211; Trattamento dei problemi varicosi.<\/p>\n<p>Dimensioni:<br \/>\n10cmx7m estesa.<\/p>\n","protected":false},"excerpt":{"rendered":"<p>La benda Biestensiva Orione garantisce un perfetto bendaggio, adattabile alle  [&#8230;]<\/p>\n","protected":false},"featured_media":3100,"template":"","meta":[],"product_brand":[],"product_cat":[227,152],"product_tag":[905,467,879],"class_list":{"0":"post-3099","1":"product","2":"type-product","3":"status-publish","4":"has-post-thumbnail","6":"product_cat-bendeelastiche","7":"product_cat-calzeelastiche","8":"product_tag-benda-elastica","9":"product_tag-biestensiva","10":"product_tag-compressione","12":"first","13":"instock","14":"shipping-taxable","15":"purchasable","16":"product-type-simple"},"yoast_head":"<!-- This site is optimized with the Yoast SEO plugin v27.4 - https:\/\/yoast.com\/product\/yoast-seo-wordpress\/ -->\n<title>Benda Biestensiva compressione forte - Ortopedia Grassini<\/title>\n<meta name=\"robots\" content=\"index, follow, max-snippet:-1, max-image-preview:large, max-video-preview:-1\" \/>\n<link rel=\"canonical\" href=\"https:\/\/www.ortopediagrassini.com\/it\/prodotto\/benda-biestensiva-compressione-forte\/\" \/>\n<meta property=\"og:locale\" content=\"it_IT\" \/>\n<meta property=\"og:type\" content=\"article\" \/>\n<meta property=\"og:title\" content=\"Benda Biestensiva compressione forte - Ortopedia Grassini\" \/>\n<meta property=\"og:description\" content=\"La benda Biestensiva Orione garantisce un perfetto bendaggio, adattabile alle [...]\" \/>\n<meta property=\"og:url\" content=\"https:\/\/www.ortopediagrassini.com\/it\/prodotto\/benda-biestensiva-compressione-forte\/\" \/>\n<meta property=\"og:site_name\" content=\"Ortopedia Grassini\" \/>\n<meta property=\"og:image\" content=\"https:\/\/www.ortopediagrassini.com\/it\/wp-content\/uploads\/2016\/03\/BENDA-BIESTENSIVA.jpg\" \/>\n\t<meta property=\"og:image:width\" content=\"600\" \/>\n\t<meta property=\"og:image:height\" content=\"600\" \/>\n\t<meta property=\"og:image:type\" content=\"image\/jpeg\" \/>\n<meta name=\"twitter:card\" content=\"summary_large_image\" \/>\n<script type=\"application\/ld+json\" class=\"yoast-schema-graph\">{\"@context\":\"https:\\\/\\\/schema.org\",\"@graph\":[{\"@type\":\"WebPage\",\"@id\":\"https:\\\/\\\/www.ortopediagrassini.com\\\/it\\\/prodotto\\\/benda-biestensiva-compressione-forte\\\/\",\"url\":\"https:\\\/\\\/www.ortopediagrassini.com\\\/it\\\/prodotto\\\/benda-biestensiva-compressione-forte\\\/\",\"name\":\"Benda Biestensiva compressione forte - Ortopedia Grassini\",\"isPartOf\":{\"@id\":\"https:\\\/\\\/www.ortopediagrassini.com\\\/it\\\/#website\"},\"primaryImageOfPage\":{\"@id\":\"https:\\\/\\\/www.ortopediagrassini.com\\\/it\\\/prodotto\\\/benda-biestensiva-compressione-forte\\\/#primaryimage\"},\"image\":{\"@id\":\"https:\\\/\\\/www.ortopediagrassini.com\\\/it\\\/prodotto\\\/benda-biestensiva-compressione-forte\\\/#primaryimage\"},\"thumbnailUrl\":\"https:\\\/\\\/www.ortopediagrassini.com\\\/it\\\/wp-content\\\/uploads\\\/2016\\\/03\\\/BENDA-BIESTENSIVA.jpg\",\"datePublished\":\"2016-03-18T17:48:38+00:00\",\"breadcrumb\":{\"@id\":\"https:\\\/\\\/www.ortopediagrassini.com\\\/it\\\/prodotto\\\/benda-biestensiva-compressione-forte\\\/#breadcrumb\"},\"inLanguage\":\"it-IT\",\"potentialAction\":[{\"@type\":\"ReadAction\",\"target\":[\"https:\\\/\\\/www.ortopediagrassini.com\\\/it\\\/prodotto\\\/benda-biestensiva-compressione-forte\\\/\"]}]},{\"@type\":\"ImageObject\",\"inLanguage\":\"it-IT\",\"@id\":\"https:\\\/\\\/www.ortopediagrassini.com\\\/it\\\/prodotto\\\/benda-biestensiva-compressione-forte\\\/#primaryimage\",\"url\":\"https:\\\/\\\/www.ortopediagrassini.com\\\/it\\\/wp-content\\\/uploads\\\/2016\\\/03\\\/BENDA-BIESTENSIVA.jpg\",\"contentUrl\":\"https:\\\/\\\/www.ortopediagrassini.com\\\/it\\\/wp-content\\\/uploads\\\/2016\\\/03\\\/BENDA-BIESTENSIVA.jpg\",\"width\":600,\"height\":600},{\"@type\":\"BreadcrumbList\",\"@id\":\"https:\\\/\\\/www.ortopediagrassini.com\\\/it\\\/prodotto\\\/benda-biestensiva-compressione-forte\\\/#breadcrumb\",\"itemListElement\":[{\"@type\":\"ListItem\",\"position\":1,\"name\":\"Home\",\"item\":\"https:\\\/\\\/www.ortopediagrassini.com\\\/it\\\/\"},{\"@type\":\"ListItem\",\"position\":2,\"name\":\"Prodotti\",\"item\":\"https:\\\/\\\/www.ortopediagrassini.com\\\/it\\\/negozio\\\/\"},{\"@type\":\"ListItem\",\"position\":3,\"name\":\"Benda Biestensiva compressione forte\"}]},{\"@type\":\"WebSite\",\"@id\":\"https:\\\/\\\/www.ortopediagrassini.com\\\/it\\\/#website\",\"url\":\"https:\\\/\\\/www.ortopediagrassini.com\\\/it\\\/\",\"name\":\"Ortopedia Grassini\",\"description\":\"Ortopedia dal 1952\",\"publisher\":{\"@id\":\"https:\\\/\\\/www.ortopediagrassini.com\\\/it\\\/#organization\"},\"potentialAction\":[{\"@type\":\"SearchAction\",\"target\":{\"@type\":\"EntryPoint\",\"urlTemplate\":\"https:\\\/\\\/www.ortopediagrassini.com\\\/it\\\/?s={search_term_string}\"},\"query-input\":{\"@type\":\"PropertyValueSpecification\",\"valueRequired\":true,\"valueName\":\"search_term_string\"}}],\"inLanguage\":\"it-IT\"},{\"@type\":\"Organization\",\"@id\":\"https:\\\/\\\/www.ortopediagrassini.com\\\/it\\\/#organization\",\"name\":\"Ortopedia Grassini\",\"url\":\"https:\\\/\\\/www.ortopediagrassini.com\\\/it\\\/\",\"logo\":{\"@type\":\"ImageObject\",\"inLanguage\":\"it-IT\",\"@id\":\"https:\\\/\\\/www.ortopediagrassini.com\\\/it\\\/#\\\/schema\\\/logo\\\/image\\\/\",\"url\":\"https:\\\/\\\/www.ortopediagrassini.com\\\/it\\\/wp-content\\\/uploads\\\/2015\\\/07\\\/Grassini-Logo-Cross-SHADOW.png\",\"contentUrl\":\"https:\\\/\\\/www.ortopediagrassini.com\\\/it\\\/wp-content\\\/uploads\\\/2015\\\/07\\\/Grassini-Logo-Cross-SHADOW.png\",\"width\":300,\"height\":115,\"caption\":\"Ortopedia Grassini\"},\"image\":{\"@id\":\"https:\\\/\\\/www.ortopediagrassini.com\\\/it\\\/#\\\/schema\\\/logo\\\/image\\\/\"}}]}<\/script>\n<!-- \/ Yoast SEO plugin. -->","yoast_head_json":{"title":"Benda Biestensiva compressione forte - Ortopedia Grassini","robots":{"index":"index","follow":"follow","max-snippet":"max-snippet:-1","max-image-preview":"max-image-preview:large","max-video-preview":"max-video-preview:-1"},"canonical":"https:\/\/www.ortopediagrassini.com\/it\/prodotto\/benda-biestensiva-compressione-forte\/","og_locale":"it_IT","og_type":"article","og_title":"Benda Biestensiva compressione forte - Ortopedia Grassini","og_description":"La benda Biestensiva Orione garantisce un perfetto bendaggio, adattabile alle [...]","og_url":"https:\/\/www.ortopediagrassini.com\/it\/prodotto\/benda-biestensiva-compressione-forte\/","og_site_name":"Ortopedia Grassini","og_image":[{"width":600,"height":600,"url":"https:\/\/www.ortopediagrassini.com\/it\/wp-content\/uploads\/2016\/03\/BENDA-BIESTENSIVA.jpg","type":"image\/jpeg"}],"twitter_card":"summary_large_image","schema":{"@context":"https:\/\/schema.org","@graph":[{"@type":"WebPage","@id":"https:\/\/www.ortopediagrassini.com\/it\/prodotto\/benda-biestensiva-compressione-forte\/","url":"https:\/\/www.ortopediagrassini.com\/it\/prodotto\/benda-biestensiva-compressione-forte\/","name":"Benda Biestensiva compressione forte - Ortopedia Grassini","isPartOf":{"@id":"https:\/\/www.ortopediagrassini.com\/it\/#website"},"primaryImageOfPage":{"@id":"https:\/\/www.ortopediagrassini.com\/it\/prodotto\/benda-biestensiva-compressione-forte\/#primaryimage"},"image":{"@id":"https:\/\/www.ortopediagrassini.com\/it\/prodotto\/benda-biestensiva-compressione-forte\/#primaryimage"},"thumbnailUrl":"https:\/\/www.ortopediagrassini.com\/it\/wp-content\/uploads\/2016\/03\/BENDA-BIESTENSIVA.jpg","datePublished":"2016-03-18T17:48:38+00:00","breadcrumb":{"@id":"https:\/\/www.ortopediagrassini.com\/it\/prodotto\/benda-biestensiva-compressione-forte\/#breadcrumb"},"inLanguage":"it-IT","potentialAction":[{"@type":"ReadAction","target":["https:\/\/www.ortopediagrassini.com\/it\/prodotto\/benda-biestensiva-compressione-forte\/"]}]},{"@type":"ImageObject","inLanguage":"it-IT","@id":"https:\/\/www.ortopediagrassini.com\/it\/prodotto\/benda-biestensiva-compressione-forte\/#primaryimage","url":"https:\/\/www.ortopediagrassini.com\/it\/wp-content\/uploads\/2016\/03\/BENDA-BIESTENSIVA.jpg","contentUrl":"https:\/\/www.ortopediagrassini.com\/it\/wp-content\/uploads\/2016\/03\/BENDA-BIESTENSIVA.jpg","width":600,"height":600},{"@type":"BreadcrumbList","@id":"https:\/\/www.ortopediagrassini.com\/it\/prodotto\/benda-biestensiva-compressione-forte\/#breadcrumb","itemListElement":[{"@type":"ListItem","position":1,"name":"Home","item":"https:\/\/www.ortopediagrassini.com\/it\/"},{"@type":"ListItem","position":2,"name":"Prodotti","item":"https:\/\/www.ortopediagrassini.com\/it\/negozio\/"},{"@type":"ListItem","position":3,"name":"Benda Biestensiva compressione forte"}]},{"@type":"WebSite","@id":"https:\/\/www.ortopediagrassini.com\/it\/#website","url":"https:\/\/www.ortopediagrassini.com\/it\/","name":"Ortopedia Grassini","description":"Ortopedia dal 1952","publisher":{"@id":"https:\/\/www.ortopediagrassini.com\/it\/#organization"},"potentialAction":[{"@type":"SearchAction","target":{"@type":"EntryPoint","urlTemplate":"https:\/\/www.ortopediagrassini.com\/it\/?s={search_term_string}"},"query-input":{"@type":"PropertyValueSpecification","valueRequired":true,"valueName":"search_term_string"}}],"inLanguage":"it-IT"},{"@type":"Organization","@id":"https:\/\/www.ortopediagrassini.com\/it\/#organization","name":"Ortopedia Grassini","url":"https:\/\/www.ortopediagrassini.com\/it\/","logo":{"@type":"ImageObject","inLanguage":"it-IT","@id":"https:\/\/www.ortopediagrassini.com\/it\/#\/schema\/logo\/image\/","url":"https:\/\/www.ortopediagrassini.com\/it\/wp-content\/uploads\/2015\/07\/Grassini-Logo-Cross-SHADOW.png","contentUrl":"https:\/\/www.ortopediagrassini.com\/it\/wp-content\/uploads\/2015\/07\/Grassini-Logo-Cross-SHADOW.png","width":300,"height":115,"caption":"Ortopedia Grassini"},"image":{"@id":"https:\/\/www.ortopediagrassini.com\/it\/#\/schema\/logo\/image\/"}}]}},"_links":{"self":[{"href":"https:\/\/www.ortopediagrassini.com\/it\/wp-json\/wp\/v2\/product\/3099","targetHints":{"allow":["GET"]}}],"collection":[{"href":"https:\/\/www.ortopediagrassini.com\/it\/wp-json\/wp\/v2\/product"}],"about":[{"href":"https:\/\/www.ortopediagrassini.com\/it\/wp-json\/wp\/v2\/types\/product"}],"wp:featuredmedia":[{"embeddable":true,"href":"https:\/\/www.ortopediagrassini.com\/it\/wp-json\/wp\/v2\/media\/3100"}],"wp:attachment":[{"href":"https:\/\/www.ortopediagrassini.com\/it\/wp-json\/wp\/v2\/media?parent=3099"}],"wp:term":[{"taxonomy":"product_brand","embeddable":true,"href":"https:\/\/www.ortopediagrassini.com\/it\/wp-json\/wp\/v2\/product_brand?post=3099"},{"taxonomy":"product_cat","embeddable":true,"href":"https:\/\/www.ortopediagrassini.com\/it\/wp-json\/wp\/v2\/product_cat?post=3099"},{"taxonomy":"product_tag","embeddable":true,"href":"https:\/\/www.ortopediagrassini.com\/it\/wp-json\/wp\/v2\/product_tag?post=3099"}],"curies":[{"name":"wp","href":"https:\/\/api.w.org\/{rel}","templated":true}]}}